{"id":8877,"date":"2024-02-05T15:52:04","date_gmt":"2024-02-05T15:52:04","guid":{"rendered":"https:\/\/www.cirprotec.com\/informations-complementaires-sur-le-cv\/"},"modified":"2024-06-05T08:08:39","modified_gmt":"2024-06-05T08:08:39","slug":"informations-complementaires-sur-le-cv","status":"publish","type":"page","link":"https:\/\/www.cirprotec.com\/fr\/informations-complementaires-sur-le-cv\/","title":{"rendered":"Informations compl\u00e9mentaires sur le CV"},"content":{"rendered":"\t\t<div data-elementor-type=\"wp-page\" data-elementor-id=\"8877\" class=\"elementor elementor-8877 elementor-5321\" data-elementor-post-type=\"page\">\n\t\t\t\t<div class=\"elementor-element elementor-element-105c93d e-flex e-con-boxed e-con e-parent\" data-id=\"105c93d\" data-element_type=\"container\" data-e-type=\"container\" data-settings=\"{&quot;jet_parallax_layout_list&quot;:[]}\">\n\t\t\t\t\t<div class=\"e-con-inner\">\n\t\t<div class=\"elementor-element elementor-element-3e6168d e-flex e-con-boxed e-con e-child\" data-id=\"3e6168d\" data-element_type=\"container\" data-e-type=\"container\" data-settings=\"{&quot;jet_parallax_layout_list&quot;:[]}\">\n\t\t\t\t\t<div class=\"e-con-inner\">\n\t\t\t\t<div class=\"elementor-element elementor-element-e53e159 elementor-widget-tablet__width-inherit elementor-widget elementor-widget-heading\" data-id=\"e53e159\" data-element_type=\"widget\" data-e-type=\"widget\" data-widget_type=\"heading.default\">\n\t\t\t\t<div class=\"elementor-widget-container\">\n\t\t\t\t\t<h1 class=\"elementor-heading-title elementor-size-default\">Informations compl\u00e9mentaires sur le CV\n<\/h1>\t\t\t\t<\/div>\n\t\t\t\t<\/div>\n\t\t\t\t<div class=\"elementor-element elementor-element-f3bb8a5 elementor-widget-tablet__width-inherit elementor-widget elementor-widget-text-editor\" data-id=\"f3bb8a5\" data-element_type=\"widget\" data-e-type=\"widget\" data-widget_type=\"text-editor.default\">\n\t\t\t\t<div class=\"elementor-widget-container\">\n\t\t\t\t\t\t\t\t\t<div id=\"main\">\n<div class=\"main-c\">\n<div class=\"main-content article\">\n<h3><b>Responsable du traitement de vos donn\u00e9es :<\/b><\/h3>\n<p>Conform\u00e9ment au R\u00e8glement G\u00e9n\u00e9ral sur la Protection des Donn\u00e9es (RGPD) de l&rsquo;Union europ\u00e9enne 2016\/679, nous vous informons que le responsable du traitement de vos donn\u00e9es est :<\/p>\n<p>CIRPROTEC, S.L.<\/p>\n<p>NIF B-60.451.499 Adresse postale : C\/ Lepanto no. 49 Terrassa<\/p>\n<p>Adresse \u00e9lectronique : <a href=\"mailto:datos@www.cirprotec.com\" target=\"_self\">datos@www.cirprotec.com <\/a><\/p>\n<p>T\u00e9l\u00e9phone : +34 937 331 684<b>2<\/b>. <\/p>\n<h3><b>But du traitement de vos donn\u00e9es :<\/b><\/h3>\n<p>G\u00e9rer les donn\u00e9es des candidats \u00e0 prendre en compte dans les processus de s\u00e9lection r\u00e9alis\u00e9s par CIRPROTEC.<\/p>\n<p>Base l\u00e9gale du traitement des donn\u00e9es : Par consentement de l&rsquo;int\u00e9ress\u00e9.<\/p>\n<p>La base l\u00e9gale du traitement de vos donn\u00e9es est l&rsquo;obtention du consentement de l&rsquo;utilisateur du fichier. C&rsquo;est pourquoi CIRPROTEC sollicite votre consentement pour traiter les donn\u00e9es de votre CV dans le but de g\u00e9rer les donn\u00e9es des candidats dans les processus de s\u00e9lection du personnel. Consentement qui nous sera donn\u00e9 lorsque toute personne int\u00e9ress\u00e9e \u00e0 travailler avec nous remplira ce formulaire et nous enverra son CV.<\/p>\n<h3><b>Dur\u00e9e de conservation des donn\u00e9es<\/b><\/h3>\n<p>CIRPROTEC, S.L. conservera les donn\u00e9es personnelles de votre CV que vous nous avez fournies, tant que vous ne nous demandez pas leur suppression.<\/p>\n<p>Destinataires auxquels nous communiquerons vos donn\u00e9es.<\/p>\n<p>Le destinataire de vos donn\u00e9es sera le personnel des Ressources Humaines de CIRPROTEC.<\/p>\n<p>Vos donn\u00e9es ne seront pas communiqu\u00e9es \u00e0 des tiers, sauf obligation l\u00e9gale.<\/p>\n<h3><b>Droits qui vous assistent<\/b><\/h3>\n<p>Enfin, nous vous informons que, si vous le souhaitez, vous pouvez exercer les droits reconnus par le RGPD 679\/2016 aux personnes int\u00e9ress\u00e9es, \u00e0 savoir acc\u00e9der \u00e0 vos donn\u00e9es, demander la rectification des donn\u00e9es inexactes, vous opposer au traitement de vos donn\u00e9es dans certaines circonstances, annuler le traitement de vos donn\u00e9es dans certaines circonstances, demander la suppression de vos donn\u00e9es lorsque celles-ci ne sont plus n\u00e9cessaires \u00e0 la finalit\u00e9 pour laquelle elles ont \u00e9t\u00e9 collect\u00e9es, l&rsquo;oubli, la limitation du traitement et la portabilit\u00e9 des donn\u00e9es, en adressant un courrier \u00e9lectronique \u00e0 <a href=\"mailto:datos@www.cirprotec.com\" target=\"_self\">datos@www.cirprotec.com<\/a> avec copie de votre carte d&rsquo;identit\u00e9.<\/p>\n<\/div>\n<\/div>\n<\/div>\n\t\t\t\t\t\t\t\t<\/div>\n\t\t\t\t<\/div>\n\t\t\t\t\t<\/div>\n\t\t\t\t<\/div>\n\t\t\t\t\t<\/div>\n\t\t\t\t<\/div>\n\t\t\t\t<\/div>\n\t\t","protected":false},"excerpt":{"rendered":"<p>Informations compl\u00e9mentaires sur le CV Responsable du traitement de vos donn\u00e9es : Conform\u00e9ment au R\u00e8glement G\u00e9n\u00e9ral sur la Protection des Donn\u00e9es (RGPD) de l&rsquo;Union europ\u00e9enne 2016\/679, nous vous informons que le responsable du traitement de vos donn\u00e9es est : CIRPROTEC, S.L. NIF B-60.451.499 Adresse postale : C\/ Lepanto no. 49 Terrassa Adresse \u00e9lectronique : datos@www.cirprotec.com [&hellip;]<\/p>\n","protected":false},"author":2,"featured_media":0,"parent":0,"menu_order":46,"comment_status":"closed","ping_status":"closed","template":"elementor_header_footer","meta":{"_acf_changed":false,"content-type":"","_searchwp_excluded":"","footnotes":""},"class_list":["post-8877","page","type-page","status-publish","hentry"],"acf":[],"yoast_head":"<!-- This site is optimized with the Yoast SEO plugin v27.4 - https:\/\/yoast.com\/product\/yoast-seo-wordpress\/ -->\n<title>Informations compl\u00e9mentaires sur le CV - Cirprotec<\/title>\n<meta name=\"robots\" content=\"noindex, follow\" \/>\n<meta property=\"og:locale\" content=\"fr_FR\" \/>\n<meta property=\"og:type\" content=\"article\" \/>\n<meta property=\"og:title\" content=\"Informations compl\u00e9mentaires sur le CV - Cirprotec\" \/>\n<meta property=\"og:description\" content=\"Informations compl\u00e9mentaires sur le CV Responsable du traitement de vos donn\u00e9es : Conform\u00e9ment au R\u00e8glement G\u00e9n\u00e9ral sur la Protection des Donn\u00e9es (RGPD) de l&rsquo;Union europ\u00e9enne 2016\/679, nous vous informons que le responsable du traitement de vos donn\u00e9es est : CIRPROTEC, S.L. NIF B-60.451.499 Adresse postale : C\/ Lepanto no. 49 Terrassa Adresse \u00e9lectronique : datos@www.cirprotec.com [&hellip;]\" \/>\n<meta property=\"og:url\" content=\"https:\/\/www.cirprotec.com\/fr\/informations-complementaires-sur-le-cv\/\" \/>\n<meta property=\"og:site_name\" content=\"Cirprotec\" \/>\n<meta property=\"article:modified_time\" content=\"2024-06-05T08:08:39+00:00\" \/>\n<meta name=\"twitter:card\" content=\"summary_large_image\" \/>\n<meta name=\"twitter:label1\" content=\"Dur\u00e9e de lecture estim\u00e9e\" \/>\n\t<meta name=\"twitter:data1\" content=\"2 minutes\" \/>\n<script type=\"application\/ld+json\" class=\"yoast-schema-graph\">{\"@context\":\"https:\\\/\\\/schema.org\",\"@graph\":[{\"@type\":\"WebPage\",\"@id\":\"https:\\\/\\\/www.cirprotec.com\\\/fr\\\/informations-complementaires-sur-le-cv\\\/\",\"url\":\"https:\\\/\\\/www.cirprotec.com\\\/fr\\\/informations-complementaires-sur-le-cv\\\/\",\"name\":\"Informations compl\u00e9mentaires sur le CV - Cirprotec\",\"isPartOf\":{\"@id\":\"https:\\\/\\\/www.cirprotec.com\\\/fr\\\/#website\"},\"datePublished\":\"2024-02-05T15:52:04+00:00\",\"dateModified\":\"2024-06-05T08:08:39+00:00\",\"inLanguage\":\"fr-FR\",\"potentialAction\":[{\"@type\":\"ReadAction\",\"target\":[\"https:\\\/\\\/www.cirprotec.com\\\/fr\\\/informations-complementaires-sur-le-cv\\\/\"]}]},{\"@type\":\"WebSite\",\"@id\":\"https:\\\/\\\/www.cirprotec.com\\\/fr\\\/#website\",\"url\":\"https:\\\/\\\/www.cirprotec.com\\\/fr\\\/\",\"name\":\"Cirprotec\",\"description\":\"\",\"publisher\":{\"@id\":\"https:\\\/\\\/www.cirprotec.com\\\/fr\\\/#organization\"},\"potentialAction\":[{\"@type\":\"SearchAction\",\"target\":{\"@type\":\"EntryPoint\",\"urlTemplate\":\"https:\\\/\\\/www.cirprotec.com\\\/fr\\\/?s={search_term_string}\"},\"query-input\":{\"@type\":\"PropertyValueSpecification\",\"valueRequired\":true,\"valueName\":\"search_term_string\"}}],\"inLanguage\":\"fr-FR\"},{\"@type\":\"Organization\",\"@id\":\"https:\\\/\\\/www.cirprotec.com\\\/fr\\\/#organization\",\"name\":\"Cirprotec\",\"url\":\"https:\\\/\\\/www.cirprotec.com\\\/fr\\\/\",\"logo\":{\"@type\":\"ImageObject\",\"inLanguage\":\"fr-FR\",\"@id\":\"https:\\\/\\\/www.cirprotec.com\\\/fr\\\/#\\\/schema\\\/logo\\\/image\\\/\",\"url\":\"https:\\\/\\\/www.cirprotec.com\\\/wp-content\\\/uploads\\\/2025\\\/12\\\/Logo-Cirprotec-by-Mersen.svg\",\"contentUrl\":\"https:\\\/\\\/www.cirprotec.com\\\/wp-content\\\/uploads\\\/2025\\\/12\\\/Logo-Cirprotec-by-Mersen.svg\",\"width\":284.53,\"height\":104.61,\"caption\":\"Cirprotec\"},\"image\":{\"@id\":\"https:\\\/\\\/www.cirprotec.com\\\/fr\\\/#\\\/schema\\\/logo\\\/image\\\/\"}}]}<\/script>\n<!-- \/ Yoast SEO plugin. -->","yoast_head_json":{"title":"Informations compl\u00e9mentaires sur le CV - Cirprotec","robots":{"index":"noindex","follow":"follow"},"og_locale":"fr_FR","og_type":"article","og_title":"Informations compl\u00e9mentaires sur le CV - Cirprotec","og_description":"Informations compl\u00e9mentaires sur le CV Responsable du traitement de vos donn\u00e9es : Conform\u00e9ment au R\u00e8glement G\u00e9n\u00e9ral sur la Protection des Donn\u00e9es (RGPD) de l&rsquo;Union europ\u00e9enne 2016\/679, nous vous informons que le responsable du traitement de vos donn\u00e9es est : CIRPROTEC, S.L. NIF B-60.451.499 Adresse postale : C\/ Lepanto no. 49 Terrassa Adresse \u00e9lectronique : datos@www.cirprotec.com [&hellip;]","og_url":"https:\/\/www.cirprotec.com\/fr\/informations-complementaires-sur-le-cv\/","og_site_name":"Cirprotec","article_modified_time":"2024-06-05T08:08:39+00:00","twitter_card":"summary_large_image","twitter_misc":{"Dur\u00e9e de lecture estim\u00e9e":"2 minutes"},"schema":{"@context":"https:\/\/schema.org","@graph":[{"@type":"WebPage","@id":"https:\/\/www.cirprotec.com\/fr\/informations-complementaires-sur-le-cv\/","url":"https:\/\/www.cirprotec.com\/fr\/informations-complementaires-sur-le-cv\/","name":"Informations compl\u00e9mentaires sur le CV - Cirprotec","isPartOf":{"@id":"https:\/\/www.cirprotec.com\/fr\/#website"},"datePublished":"2024-02-05T15:52:04+00:00","dateModified":"2024-06-05T08:08:39+00:00","inLanguage":"fr-FR","potentialAction":[{"@type":"ReadAction","target":["https:\/\/www.cirprotec.com\/fr\/informations-complementaires-sur-le-cv\/"]}]},{"@type":"WebSite","@id":"https:\/\/www.cirprotec.com\/fr\/#website","url":"https:\/\/www.cirprotec.com\/fr\/","name":"Cirprotec","description":"","publisher":{"@id":"https:\/\/www.cirprotec.com\/fr\/#organization"},"potentialAction":[{"@type":"SearchAction","target":{"@type":"EntryPoint","urlTemplate":"https:\/\/www.cirprotec.com\/fr\/?s={search_term_string}"},"query-input":{"@type":"PropertyValueSpecification","valueRequired":true,"valueName":"search_term_string"}}],"inLanguage":"fr-FR"},{"@type":"Organization","@id":"https:\/\/www.cirprotec.com\/fr\/#organization","name":"Cirprotec","url":"https:\/\/www.cirprotec.com\/fr\/","logo":{"@type":"ImageObject","inLanguage":"fr-FR","@id":"https:\/\/www.cirprotec.com\/fr\/#\/schema\/logo\/image\/","url":"https:\/\/www.cirprotec.com\/wp-content\/uploads\/2025\/12\/Logo-Cirprotec-by-Mersen.svg","contentUrl":"https:\/\/www.cirprotec.com\/wp-content\/uploads\/2025\/12\/Logo-Cirprotec-by-Mersen.svg","width":284.53,"height":104.61,"caption":"Cirprotec"},"image":{"@id":"https:\/\/www.cirprotec.com\/fr\/#\/schema\/logo\/image\/"}}]}},"_links":{"self":[{"href":"https:\/\/www.cirprotec.com\/fr\/wp-json\/wp\/v2\/pages\/8877","targetHints":{"allow":["GET"]}}],"collection":[{"href":"https:\/\/www.cirprotec.com\/fr\/wp-json\/wp\/v2\/pages"}],"about":[{"href":"https:\/\/www.cirprotec.com\/fr\/wp-json\/wp\/v2\/types\/page"}],"author":[{"embeddable":true,"href":"https:\/\/www.cirprotec.com\/fr\/wp-json\/wp\/v2\/users\/2"}],"replies":[{"embeddable":true,"href":"https:\/\/www.cirprotec.com\/fr\/wp-json\/wp\/v2\/comments?post=8877"}],"version-history":[{"count":0,"href":"https:\/\/www.cirprotec.com\/fr\/wp-json\/wp\/v2\/pages\/8877\/revisions"}],"wp:attachment":[{"href":"https:\/\/www.cirprotec.com\/fr\/wp-json\/wp\/v2\/media?parent=8877"}],"curies":[{"name":"wp","href":"https:\/\/api.w.org\/{rel}","templated":true}]}}