{"id":8868,"date":"2023-09-19T11:52:56","date_gmt":"2023-09-19T11:52:56","guid":{"rendered":"https:\/\/www.cirprotec.com\/mentions-legales\/"},"modified":"2025-04-24T14:46:04","modified_gmt":"2025-04-24T14:46:04","slug":"mentions-legales","status":"publish","type":"page","link":"https:\/\/www.cirprotec.com\/fr\/mentions-legales\/","title":{"rendered":"Mentions l\u00e9gales"},"content":{"rendered":"\t\t<div data-elementor-type=\"wp-page\" data-elementor-id=\"8868\" class=\"elementor elementor-8868 elementor-2114\" data-elementor-post-type=\"page\">\n\t\t\t\t<div class=\"elementor-element elementor-element-24c6c5b e-flex e-con-boxed e-con e-parent\" data-id=\"24c6c5b\" data-element_type=\"container\" data-e-type=\"container\" data-settings=\"{&quot;jet_parallax_layout_list&quot;:[]}\">\n\t\t\t\t\t<div class=\"e-con-inner\">\n\t\t\t\t<div class=\"elementor-element elementor-element-cf1921a elementor-widget-tablet__width-inherit elementor-widget elementor-widget-heading\" data-id=\"cf1921a\" data-element_type=\"widget\" data-e-type=\"widget\" data-widget_type=\"heading.default\">\n\t\t\t\t<div class=\"elementor-widget-container\">\n\t\t\t\t\t<h1 class=\"elementor-heading-title elementor-size-default\">Mentions l\u00e9gales<\/h1>\t\t\t\t<\/div>\n\t\t\t\t<\/div>\n\t\t<div class=\"elementor-element elementor-element-d93bfe6 e-con-full e-flex e-con e-child\" data-id=\"d93bfe6\" data-element_type=\"container\" data-e-type=\"container\" data-settings=\"{&quot;jet_parallax_layout_list&quot;:[]}\">\n\t\t\t\t<div class=\"elementor-element elementor-element-88ff813 elementor-widget elementor-widget-text-editor\" data-id=\"88ff813\" data-element_type=\"widget\" data-e-type=\"widget\" data-widget_type=\"text-editor.default\">\n\t\t\t\t<div class=\"elementor-widget-container\">\n\t\t\t\t\t\t\t\t\t<p>Conform\u00e9ment \u00e0 l&rsquo;obligation d&rsquo;information pr\u00e9vue \u00e0 l&rsquo;article 10 de la Loi 34\/2002, du 11 juillet, sur les services de la soci\u00e9t\u00e9 de l&rsquo;information et du commerce \u00e9lectronique, nous vous informons que le site Web et le portail Internet www.www.cirprotec.com (ci-apr\u00e8s d\u00e9nomm\u00e9s le \u00ab\u00a0Site Web\u00a0\u00bb) sont la propri\u00e9t\u00e9 de CIRPROTEC, S.L.U., domicili\u00e9e \u00e0 C\/ LEPANTO, 49. 08223 TERRASSA (ESPAGNE), avec CIF n\u00ba B-60451499. Les pr\u00e9sentes mentions l\u00e9gales r\u00e9gissent les conditions d&rsquo;utilisation dudit portail Internet.<\/p><h2><br \/><span style=\"color: #333333;\">Loi applicable et juridiction<\/span><\/h2><p>En g\u00e9n\u00e9ral, les relations entre CIRPROTEC, S.L.U. et les utilisateurs de ses services t\u00e9l\u00e9matiques, pr\u00e9sents sur le site Web, sont soumises \u00e0 la l\u00e9gislation et \u00e0 la juridiction espagnoles.<\/p><p>Les parties renoncent express\u00e9ment \u00e0 toute juridiction qui pourrait leur correspondre et soumettent express\u00e9ment les tribunaux de Martorelles pour r\u00e9soudre tout litige pouvant survenir dans l&rsquo;interpr\u00e9tation ou l&rsquo;ex\u00e9cution des pr\u00e9sentes conditions contractuelles.<\/p><h2><br \/><span style=\"color: #333333;\">Acceptation de l&rsquo;utilisateur<\/span><\/h2><p>Ces mentions l\u00e9gales r\u00e9gissent l&rsquo;acc\u00e8s et l&rsquo;utilisation du site Web que CIRPROTEC, S.L.U. met \u00e0 la disposition des utilisateurs d&rsquo;Internet. Est consid\u00e9r\u00e9e comme utilisateur toute personne qui acc\u00e8de, navigue, utilise ou participe aux services et activit\u00e9s du site Web.<\/p><p>L&rsquo;utilisateur est inform\u00e9, et accepte, que l&rsquo;acc\u00e8s au pr\u00e9sent site Web ne constitue en aucun cas le d\u00e9but d&rsquo;une relation commerciale avec CIRPROTEC, S.L.U.<\/p><p>L&rsquo;acc\u00e8s et la navigation sur le site Web par l&rsquo;utilisateur impliquent l&rsquo;acceptation de l&rsquo;int\u00e9gralit\u00e9 des pr\u00e9sentes conditions d&rsquo;utilisation. En cas de d\u00e9saccord avec les conditions, l&rsquo;utilisateur doit s&rsquo;abstenir d&rsquo;utiliser le site Web.<\/p><h2><br \/><span style=\"color: #333333;\">Acc\u00e8s au site Web<\/span><\/h2><p>L&rsquo;acc\u00e8s au site Web par les utilisateurs est libre et gratuit. Certains services peuvent \u00eatre soumis \u00e0 une souscription pr\u00e9alable du service.<\/p><p>Si l&rsquo;utilisateur doit fournir des donn\u00e9es personnelles pour acc\u00e9der \u00e0 certains services, la collecte et le traitement des donn\u00e9es se feront conform\u00e9ment \u00e0 la r\u00e9glementation en vigueur, notamment au RGPD. Pour plus d&rsquo;informations, consultez notre politique de confidentialit\u00e9.<\/p><h2><br \/><span style=\"color: #333333;\">Contenu et utilisation<\/span><\/h2><p>La visite du site Web par l&rsquo;utilisateur doit \u00eatre faite de mani\u00e8re responsable et conform\u00e9ment \u00e0 la l\u00e9gislation en vigueur, \u00e0 la bonne foi, aux pr\u00e9sentes mentions l\u00e9gales et en respectant les droits de propri\u00e9t\u00e9 intellectuelle et industrielle de CIRPROTEC, S.L.U. ou de toute autre personne physique ou morale.<\/p><p>L&rsquo;utilisation de tout contenu du site Web \u00e0 des fins illicites est totalement interdite, de m\u00eame que toute action causant ou pouvant causer des dommages ou alt\u00e9rations de tout type non consentis par CIRPROTEC, S.L.U. sur le site Web ou ses contenus.<\/p><p>Le propri\u00e9taire du site Web ne se confond pas avec les opinions exprim\u00e9es sur celui-ci par ses collaborateurs. La soci\u00e9t\u00e9 se r\u00e9serve le droit d&rsquo;apporter, sans pr\u00e9avis, les modifications qu&rsquo;elle juge appropri\u00e9es \u00e0 son site Web, pouvant modifier, supprimer ou ajouter tant les contenus et services fournis par celui-ci que la mani\u00e8re dont ils sont pr\u00e9sent\u00e9s ou situ\u00e9s sur ses serveurs.<\/p><h2><br \/><span style=\"color: #333333;\">Propri\u00e9t\u00e9 intellectuelle et industrielle<\/span><\/h2><p>es droits de propri\u00e9t\u00e9 intellectuelle sur le contenu des pages Web, leur conception graphique et leurs codes appartiennent \u00e0 CIRPROTEC, S.L.U. Par cons\u00e9quent, leur reproduction, distribution, communication publique, transformation ou toute autre activit\u00e9 r\u00e9alis\u00e9e avec le contenu du site Web est interdite, m\u00eame en citant les sources, sauf accord pr\u00e9alable, expr\u00e8s et \u00e9crit de CIRPROTEC, S.L.U. Tous les noms commerciaux, marques ou autres signes distinctifs de toute nature contenus dans les pages Web de l&rsquo;entreprise sont la propri\u00e9t\u00e9 de leurs propri\u00e9taires et sont prot\u00e9g\u00e9s par la loi.<\/p><p>CIRPROTEC, S.L.U. ne conc\u00e8de aucune licence ou autorisation d&rsquo;utilisation de quelque nature que ce soit sur ses droits de propri\u00e9t\u00e9 intellectuelle et industrielle ou sur toute autre propri\u00e9t\u00e9 ou droit associ\u00e9 au site Web, et en aucun cas l&rsquo;acc\u00e8s et la navigation des utilisateurs ne constitueront une renonciation, un transfert, une licence ou une cession totale ou partielle de ces droits par CIRPROTEC, S.L.U.<\/p><p>Toute utilisation de ces contenus non autoris\u00e9e pr\u00e9alablement par CIRPROTEC, S.L.U. sera consid\u00e9r\u00e9e comme une violation grave des droits de propri\u00e9t\u00e9 intellectuelle ou industrielle et donnera lieu aux responsabilit\u00e9s \u00e9tablies par la loi. CIRPROTEC, S.L.U. se r\u00e9serve le droit d&rsquo;exercer contre l&rsquo;utilisateur les actions judiciaires et extrajudiciaires qui lui correspondent.<\/p><h2><br \/><span style=\"color: #333333;\">Responsabilit\u00e9 et garanties<\/span><\/h2><p>CIRPROTEC, S.L.U. d\u00e9clare avoir pris les mesures n\u00e9cessaires, dans la mesure de ses moyens et de l&rsquo;\u00e9tat de la technologie, pour assurer le bon fonctionnement de son site Web et l&rsquo;absence de virus et de composants nuisibles. Cependant, CIRPROTEC, S.L.U. ne peut \u00eatre tenue responsable des situations suivantes, \u00e9num\u00e9r\u00e9es \u00e0 titre indicatif mais non limitatif :<\/p><ul><li>La continuit\u00e9 et la disponibilit\u00e9 des Contenus.<\/li><li>L&rsquo;absence d&rsquo;erreurs dans ces Contenus ou la correction de tout d\u00e9faut pouvant survenir.<\/li><li>L&rsquo;absence de virus et\/ou d&rsquo;autres composants nuisibles.<\/li><li>Les dommages ou pr\u00e9judices caus\u00e9s par toute personne violant les syst\u00e8mes de s\u00e9curit\u00e9 de CIRPROTEC, S.L.U.<\/li><li>L&rsquo;utilisation que les utilisateurs peuvent faire des contenus inclus sur le site Web. ar cons\u00e9quent, CIRPROTEC, S.L.U. ne garantit pas que l&rsquo;utilisation par les utilisateurs des contenus \u00e9ventuellement inclus sur le site Web soit conforme aux pr\u00e9sentes mentions l\u00e9gales, ni que l&rsquo;utilisation du site Web soit diligente.<\/li><li>L&rsquo;utilisation par les mineurs du site Web ou l&rsquo;envoi de leurs donn\u00e9es personnelles sans l&rsquo;autorisation de leurs tuteurs, lesquels sont responsables de l&rsquo;utilisation qu&rsquo;ils font d&rsquo;Internet.<\/li><li>Les contenus auxquels l&rsquo;utilisateur peut acc\u00e9der via des liens non autoris\u00e9s ou introduits par des utilisateurs via des commentaires ou des outils similaires.<\/li><li>L&rsquo;introduction de donn\u00e9es erron\u00e9es par l&rsquo;utilisateur ou un tiers.<\/li><\/ul><p>CIRPROTEC, S.L.U. se r\u00e9serve le droit de suspendre temporairement et sans pr\u00e9avis l&rsquo;accessibilit\u00e9 au site web pour des op\u00e9rations de maintenance, de r\u00e9paration, de mise \u00e0 jour ou d&rsquo;am\u00e9lioration. Cependant, dans la mesure du possible, CIRPROTEC, S.L.U. informera l&rsquo;utilisateur de la date pr\u00e9vue de la suspension des contenus avec un pr\u00e9avis suffisant.<\/p><p>De m\u00eame, conform\u00e9ment aux articles 11 et 16 de la Loi 34\/2002 du 11 juillet sur les services de la soci\u00e9t\u00e9 de l&rsquo;information et du commerce \u00e9lectronique (LSSICE), CIRPROTEC, S.L.U. s&rsquo;engage \u00e0 supprimer ou, le cas \u00e9ch\u00e9ant, \u00e0 bloquer les contenus qui pourraient porter atteinte \u00e0 la l\u00e9gislation en vigueur, aux droits des tiers, ou \u00e0 la morale et \u00e0 l&rsquo;ordre public.<\/p><h2><br \/><span style=\"color: #333333;\">Cookies<\/span><\/h2><p>CIRPROTEC, S.L.U. utilise des cookies dans le but d&rsquo;optimiser et de personnaliser la navigation sur son site web. es cookies sont des fichiers physiques d&rsquo;information stock\u00e9s sur le terminal de l&rsquo;utilisateur. Les informations collect\u00e9es par le biais des cookies sont utilis\u00e9es pour faciliter la navigation de l&rsquo;utilisateur sur le portail et pour am\u00e9liorer l&rsquo;exp\u00e9rience de navigation. Les donn\u00e9es collect\u00e9es par le biais des cookies peuvent \u00eatre partag\u00e9es avec leurs cr\u00e9ateurs, mais en aucun cas les informations obtenues par ceux-ci ne seront associ\u00e9es \u00e0 des donn\u00e9es personnelles ou \u00e0 des donn\u00e9es permettant d&rsquo;identifier l&rsquo;utilisateur.<\/p><p>Cependant, si l&rsquo;utilisateur ne souhaite pas que des cookies soient install\u00e9s sur son disque dur, il a la possibilit\u00e9 de configurer son navigateur de mani\u00e8re \u00e0 emp\u00eacher l&rsquo;installation de ces fichiers. Pour plus d&rsquo;informations, veuillez consulter notre Politique en mati\u00e8re de cookies.<\/p><h2><br \/><span style=\"color: #333333;\">Liens (links)<\/span><\/h2><p>La pr\u00e9sence de liens sur le site web de CIRPROTEC, S.L.U. vers d&rsquo;autres sites internet a un but purement informatif et ne constitue en aucun cas une suggestion, une invitation ou une recommandation concernant ceux-ci. CIRPROTEC, S.L.U. d\u00e9cline toute responsabilit\u00e9 quant au contenu d&rsquo;un lien appartenant \u00e0 un site web tiers, et ne garantit ni la fiabilit\u00e9, ni l&rsquo;exactitude, ni l&rsquo;exhaustivit\u00e9, ni la v\u00e9racit\u00e9, ni la validit\u00e9, ni la disponibilit\u00e9 technique de celui-ci.<\/p><p>Si des liens vers le site web de CIRPROTEC, S.L.U. sont \u00e9tablis sur d&rsquo;autres sites web, cela ne signifie pas que CIRPROTEC, S.L.U. a autoris\u00e9 le lien ou le contenu du site web contenant le lien. De plus, il est interdit d&rsquo;inclure sur la page du lien des contenus inappropri\u00e9s, diffamatoires, ill\u00e9gaux, obsc\u00e8nes ou illicites, ou tout autre contenu contraire \u00e0 la l\u00e9gislation en vigueur.<\/p><p>CIRPROTEC, S.L.U. se r\u00e9serve le droit de contacter le propri\u00e9taire du site web sur lequel le lien est \u00e9tabli s&rsquo;il estime que la r\u00e9glementation n&rsquo;est pas respect\u00e9e, ainsi que d&rsquo;exercer les actions judiciaires et extrajudiciaires correspondantes.<\/p><h2><br \/><span style=\"color: #333333;\">Modification des conditions<\/span><\/h2><p>CIRPROTEC, S.L.U. se r\u00e9serve express\u00e9ment le droit de modifier unilat\u00e9ralement, totalement ou partiellement, sans pr\u00e9avis, les pr\u00e9sentes mentions l\u00e9gales. L&rsquo;utilisateur reconna\u00eet et accepte qu&rsquo;il est de sa responsabilit\u00e9 de v\u00e9rifier p\u00e9riodiquement les pr\u00e9sentes mentions l\u00e9gales.<\/p>\t\t\t\t\t\t\t\t<\/div>\n\t\t\t\t<\/div>\n\t\t\t\t<\/div>\n\t\t\t\t\t<\/div>\n\t\t\t\t<\/div>\n\t\t\t\t<\/div>\n\t\t","protected":false},"excerpt":{"rendered":"<p>Mentions l\u00e9gales Conform\u00e9ment \u00e0 l&rsquo;obligation d&rsquo;information pr\u00e9vue \u00e0 l&rsquo;article 10 de la Loi 34\/2002, du 11 juillet, sur les services de la soci\u00e9t\u00e9 de l&rsquo;information et du commerce \u00e9lectronique, nous vous informons que le site Web et le portail Internet www.www.cirprotec.com (ci-apr\u00e8s d\u00e9nomm\u00e9s le \u00ab\u00a0Site Web\u00a0\u00bb) sont la propri\u00e9t\u00e9 de CIRPROTEC, S.L.U., domicili\u00e9e \u00e0 C\/ [&hellip;]<\/p>\n","protected":false},"author":2,"featured_media":0,"parent":0,"menu_order":100,"comment_status":"closed","ping_status":"closed","template":"elementor_header_footer","meta":{"_acf_changed":false,"content-type":"","_searchwp_excluded":"","footnotes":""},"class_list":["post-8868","page","type-page","status-publish","hentry"],"acf":[],"yoast_head":"<!-- This site is optimized with the Yoast SEO plugin v27.3 - https:\/\/yoast.com\/product\/yoast-seo-wordpress\/ -->\n<title>Mentions l\u00e9gales - Cirprotec<\/title>\n<meta name=\"robots\" content=\"noindex, follow\" \/>\n<meta property=\"og:locale\" content=\"fr_FR\" \/>\n<meta property=\"og:type\" content=\"article\" \/>\n<meta property=\"og:title\" content=\"Mentions l\u00e9gales - Cirprotec\" \/>\n<meta property=\"og:description\" content=\"Mentions l\u00e9gales Conform\u00e9ment \u00e0 l&rsquo;obligation d&rsquo;information pr\u00e9vue \u00e0 l&rsquo;article 10 de la Loi 34\/2002, du 11 juillet, sur les services de la soci\u00e9t\u00e9 de l&rsquo;information et du commerce \u00e9lectronique, nous vous informons que le site Web et le portail Internet www.www.cirprotec.com (ci-apr\u00e8s d\u00e9nomm\u00e9s le \u00ab\u00a0Site Web\u00a0\u00bb) sont la propri\u00e9t\u00e9 de CIRPROTEC, S.L.U., domicili\u00e9e \u00e0 C\/ [&hellip;]\" \/>\n<meta property=\"og:url\" content=\"https:\/\/www.cirprotec.com\/fr\/mentions-legales\/\" \/>\n<meta property=\"og:site_name\" content=\"Cirprotec\" \/>\n<meta property=\"article:modified_time\" content=\"2025-04-24T14:46:04+00:00\" \/>\n<meta name=\"twitter:card\" content=\"summary_large_image\" \/>\n<meta name=\"twitter:label1\" content=\"Dur\u00e9e de lecture estim\u00e9e\" \/>\n\t<meta name=\"twitter:data1\" content=\"7 minutes\" \/>\n<script type=\"application\/ld+json\" class=\"yoast-schema-graph\">{\"@context\":\"https:\\\/\\\/schema.org\",\"@graph\":[{\"@type\":\"WebPage\",\"@id\":\"https:\\\/\\\/www.cirprotec.com\\\/fr\\\/mentions-legales\\\/\",\"url\":\"https:\\\/\\\/www.cirprotec.com\\\/fr\\\/mentions-legales\\\/\",\"name\":\"Mentions l\u00e9gales - Cirprotec\",\"isPartOf\":{\"@id\":\"https:\\\/\\\/www.cirprotec.com\\\/fr\\\/#website\"},\"datePublished\":\"2023-09-19T11:52:56+00:00\",\"dateModified\":\"2025-04-24T14:46:04+00:00\",\"inLanguage\":\"fr-FR\",\"potentialAction\":[{\"@type\":\"ReadAction\",\"target\":[\"https:\\\/\\\/www.cirprotec.com\\\/fr\\\/mentions-legales\\\/\"]}]},{\"@type\":\"WebSite\",\"@id\":\"https:\\\/\\\/www.cirprotec.com\\\/fr\\\/#website\",\"url\":\"https:\\\/\\\/www.cirprotec.com\\\/fr\\\/\",\"name\":\"Cirprotec\",\"description\":\"\",\"publisher\":{\"@id\":\"https:\\\/\\\/www.cirprotec.com\\\/fr\\\/#organization\"},\"potentialAction\":[{\"@type\":\"SearchAction\",\"target\":{\"@type\":\"EntryPoint\",\"urlTemplate\":\"https:\\\/\\\/www.cirprotec.com\\\/fr\\\/?s={search_term_string}\"},\"query-input\":{\"@type\":\"PropertyValueSpecification\",\"valueRequired\":true,\"valueName\":\"search_term_string\"}}],\"inLanguage\":\"fr-FR\"},{\"@type\":\"Organization\",\"@id\":\"https:\\\/\\\/www.cirprotec.com\\\/fr\\\/#organization\",\"name\":\"Cirprotec\",\"url\":\"https:\\\/\\\/www.cirprotec.com\\\/fr\\\/\",\"logo\":{\"@type\":\"ImageObject\",\"inLanguage\":\"fr-FR\",\"@id\":\"https:\\\/\\\/www.cirprotec.com\\\/fr\\\/#\\\/schema\\\/logo\\\/image\\\/\",\"url\":\"https:\\\/\\\/www.cirprotec.com\\\/wp-content\\\/uploads\\\/2025\\\/12\\\/Logo-Cirprotec-by-Mersen.svg\",\"contentUrl\":\"https:\\\/\\\/www.cirprotec.com\\\/wp-content\\\/uploads\\\/2025\\\/12\\\/Logo-Cirprotec-by-Mersen.svg\",\"width\":284.53,\"height\":104.61,\"caption\":\"Cirprotec\"},\"image\":{\"@id\":\"https:\\\/\\\/www.cirprotec.com\\\/fr\\\/#\\\/schema\\\/logo\\\/image\\\/\"}}]}<\/script>\n<!-- \/ Yoast SEO plugin. -->","yoast_head_json":{"title":"Mentions l\u00e9gales - Cirprotec","robots":{"index":"noindex","follow":"follow"},"og_locale":"fr_FR","og_type":"article","og_title":"Mentions l\u00e9gales - Cirprotec","og_description":"Mentions l\u00e9gales Conform\u00e9ment \u00e0 l&rsquo;obligation d&rsquo;information pr\u00e9vue \u00e0 l&rsquo;article 10 de la Loi 34\/2002, du 11 juillet, sur les services de la soci\u00e9t\u00e9 de l&rsquo;information et du commerce \u00e9lectronique, nous vous informons que le site Web et le portail Internet www.www.cirprotec.com (ci-apr\u00e8s d\u00e9nomm\u00e9s le \u00ab\u00a0Site Web\u00a0\u00bb) sont la propri\u00e9t\u00e9 de CIRPROTEC, S.L.U., domicili\u00e9e \u00e0 C\/ [&hellip;]","og_url":"https:\/\/www.cirprotec.com\/fr\/mentions-legales\/","og_site_name":"Cirprotec","article_modified_time":"2025-04-24T14:46:04+00:00","twitter_card":"summary_large_image","twitter_misc":{"Dur\u00e9e de lecture estim\u00e9e":"7 minutes"},"schema":{"@context":"https:\/\/schema.org","@graph":[{"@type":"WebPage","@id":"https:\/\/www.cirprotec.com\/fr\/mentions-legales\/","url":"https:\/\/www.cirprotec.com\/fr\/mentions-legales\/","name":"Mentions l\u00e9gales - Cirprotec","isPartOf":{"@id":"https:\/\/www.cirprotec.com\/fr\/#website"},"datePublished":"2023-09-19T11:52:56+00:00","dateModified":"2025-04-24T14:46:04+00:00","inLanguage":"fr-FR","potentialAction":[{"@type":"ReadAction","target":["https:\/\/www.cirprotec.com\/fr\/mentions-legales\/"]}]},{"@type":"WebSite","@id":"https:\/\/www.cirprotec.com\/fr\/#website","url":"https:\/\/www.cirprotec.com\/fr\/","name":"Cirprotec","description":"","publisher":{"@id":"https:\/\/www.cirprotec.com\/fr\/#organization"},"potentialAction":[{"@type":"SearchAction","target":{"@type":"EntryPoint","urlTemplate":"https:\/\/www.cirprotec.com\/fr\/?s={search_term_string}"},"query-input":{"@type":"PropertyValueSpecification","valueRequired":true,"valueName":"search_term_string"}}],"inLanguage":"fr-FR"},{"@type":"Organization","@id":"https:\/\/www.cirprotec.com\/fr\/#organization","name":"Cirprotec","url":"https:\/\/www.cirprotec.com\/fr\/","logo":{"@type":"ImageObject","inLanguage":"fr-FR","@id":"https:\/\/www.cirprotec.com\/fr\/#\/schema\/logo\/image\/","url":"https:\/\/www.cirprotec.com\/wp-content\/uploads\/2025\/12\/Logo-Cirprotec-by-Mersen.svg","contentUrl":"https:\/\/www.cirprotec.com\/wp-content\/uploads\/2025\/12\/Logo-Cirprotec-by-Mersen.svg","width":284.53,"height":104.61,"caption":"Cirprotec"},"image":{"@id":"https:\/\/www.cirprotec.com\/fr\/#\/schema\/logo\/image\/"}}]}},"_links":{"self":[{"href":"https:\/\/www.cirprotec.com\/fr\/wp-json\/wp\/v2\/pages\/8868","targetHints":{"allow":["GET"]}}],"collection":[{"href":"https:\/\/www.cirprotec.com\/fr\/wp-json\/wp\/v2\/pages"}],"about":[{"href":"https:\/\/www.cirprotec.com\/fr\/wp-json\/wp\/v2\/types\/page"}],"author":[{"embeddable":true,"href":"https:\/\/www.cirprotec.com\/fr\/wp-json\/wp\/v2\/users\/2"}],"replies":[{"embeddable":true,"href":"https:\/\/www.cirprotec.com\/fr\/wp-json\/wp\/v2\/comments?post=8868"}],"version-history":[{"count":0,"href":"https:\/\/www.cirprotec.com\/fr\/wp-json\/wp\/v2\/pages\/8868\/revisions"}],"wp:attachment":[{"href":"https:\/\/www.cirprotec.com\/fr\/wp-json\/wp\/v2\/media?parent=8868"}],"curies":[{"name":"wp","href":"https:\/\/api.w.org\/{rel}","templated":true}]}}