{"id":8785,"date":"2024-04-09T11:39:15","date_gmt":"2024-04-09T11:39:15","guid":{"rendered":"https:\/\/www.cirprotec.com\/programme-de-garantie-a-10-ans-nimbus\/"},"modified":"2025-05-08T10:36:01","modified_gmt":"2025-05-08T10:36:01","slug":"programme-de-garantie-a-10-ans-nimbus","status":"publish","type":"page","link":"https:\/\/www.cirprotec.com\/fr\/programme-de-garantie-a-10-ans-nimbus\/","title":{"rendered":"Programme de garantie a 10 ans nimbus"},"content":{"rendered":"\t\t<div data-elementor-type=\"wp-page\" data-elementor-id=\"8785\" class=\"elementor elementor-8785 elementor-8287\" data-elementor-post-type=\"page\">\n\t\t\t\t<div class=\"elementor-element elementor-element-2d1967d e-con-full e-flex e-con e-parent\" data-id=\"2d1967d\" data-element_type=\"container\" data-e-type=\"container\" data-settings=\"{&quot;background_background&quot;:&quot;classic&quot;,&quot;jet_parallax_layout_list&quot;:[]}\">\n\t\t<div class=\"elementor-element elementor-element-a940813 e-flex e-con-boxed e-con e-child\" data-id=\"a940813\" data-element_type=\"container\" data-e-type=\"container\" data-settings=\"{&quot;jet_parallax_layout_list&quot;:[]}\">\n\t\t\t\t\t<div class=\"e-con-inner\">\n\t\t<div class=\"elementor-element elementor-element-82da0c0 e-flex e-con-boxed e-con e-child\" data-id=\"82da0c0\" data-element_type=\"container\" data-e-type=\"container\" data-settings=\"{&quot;jet_parallax_layout_list&quot;:[]}\">\n\t\t\t\t\t<div class=\"e-con-inner\">\n\t\t\t\t<div class=\"elementor-element elementor-element-bee8cf2 elementor-widget elementor-widget-image\" data-id=\"bee8cf2\" data-element_type=\"widget\" data-e-type=\"widget\" data-widget_type=\"image.default\">\n\t\t\t\t<div class=\"elementor-widget-container\">\n\t\t\t\t\t\t\t\t\t\t\t\t\t\t\t<img fetchpriority=\"high\" decoding=\"async\" width=\"800\" height=\"800\" src=\"https:\/\/www.cirprotec.com\/wp-content\/uploads\/2024\/09\/PHP-NIMBUS-30-WARRANTY-CIRPROTEC-2.png\" class=\"attachment-large size-large wp-image-11367\" alt=\"\" srcset=\"https:\/\/www.cirprotec.com\/wp-content\/uploads\/2024\/09\/PHP-NIMBUS-30-WARRANTY-CIRPROTEC-2.png 800w, https:\/\/www.cirprotec.com\/wp-content\/uploads\/2024\/09\/PHP-NIMBUS-30-WARRANTY-CIRPROTEC-2-300x300.png 300w, https:\/\/www.cirprotec.com\/wp-content\/uploads\/2024\/09\/PHP-NIMBUS-30-WARRANTY-CIRPROTEC-2-150x150.png 150w, https:\/\/www.cirprotec.com\/wp-content\/uploads\/2024\/09\/PHP-NIMBUS-30-WARRANTY-CIRPROTEC-2-768x768.png 768w\" sizes=\"(max-width: 800px) 100vw, 800px\" \/>\t\t\t\t\t\t\t\t\t\t\t\t\t\t\t<\/div>\n\t\t\t\t<\/div>\n\t\t\t\t\t<\/div>\n\t\t\t\t<\/div>\n\t\t<div class=\"elementor-element elementor-element-ecefbfa e-flex e-con-boxed e-con e-child\" data-id=\"ecefbfa\" data-element_type=\"container\" data-e-type=\"container\" data-settings=\"{&quot;jet_parallax_layout_list&quot;:[]}\">\n\t\t\t\t\t<div class=\"e-con-inner\">\n\t\t\t\t<div class=\"elementor-element elementor-element-ac3af7f elementor-widget elementor-widget-heading\" data-id=\"ac3af7f\" data-element_type=\"widget\" data-e-type=\"widget\" data-widget_type=\"heading.default\">\n\t\t\t\t<div class=\"elementor-widget-container\">\n\t\t\t\t\t<h1 class=\"elementor-heading-title elementor-size-default\">Programme de garantie 10 ans Nimbus<sup>\u00ae<\/sup><\/h1>\t\t\t\t<\/div>\n\t\t\t\t<\/div>\n\t\t\t\t\t<\/div>\n\t\t\t\t<\/div>\n\t\t\t\t\t<\/div>\n\t\t\t\t<\/div>\n\t\t\t\t<\/div>\n\t\t<div class=\"elementor-element elementor-element-3bc136a e-flex e-con-boxed e-con e-parent\" data-id=\"3bc136a\" data-element_type=\"container\" data-e-type=\"container\" data-settings=\"{&quot;background_background&quot;:&quot;classic&quot;,&quot;jet_parallax_layout_list&quot;:[]}\">\n\t\t\t\t\t<div class=\"e-con-inner\">\n\t\t<div class=\"elementor-element elementor-element-5eb5254 e-con-full e-flex e-con e-child\" data-id=\"5eb5254\" data-element_type=\"container\" data-e-type=\"container\" data-settings=\"{&quot;jet_parallax_layout_list&quot;:[]}\">\n\t\t\t\t<div class=\"elementor-element elementor-element-3ad68eb elementor-widget elementor-widget-heading\" data-id=\"3ad68eb\" data-element_type=\"widget\" data-e-type=\"widget\" data-widget_type=\"heading.default\">\n\t\t\t\t<div class=\"elementor-widget-container\">\n\t\t\t\t\t<h2 class=\"elementor-heading-title elementor-size-default\">Ce qui est couvert ? <\/h2>\t\t\t\t<\/div>\n\t\t\t\t<\/div>\n\t\t\t\t<div class=\"elementor-element elementor-element-c7df3ab elementor-widget elementor-widget-text-editor\" data-id=\"c7df3ab\" data-element_type=\"widget\" data-e-type=\"widget\" data-widget_type=\"text-editor.default\">\n\t\t\t\t<div class=\"elementor-widget-container\">\n\t\t\t\t\t\t\t\t\t<p>Le programme \u00ab\u00a0<span style=\"font-weight: 600;\">Garantie 10 ans nimbus<sup>\u00ae<\/sup><\/span>\u00a0\u00bb qu\u2019offre Cirprotec pr\u00e9voit la restitution du paratonnerre nimbus<sup>\u00ae<\/sup>au cas o\u00f9 celui-ci pr\u00e9sente un d\u00e9faut de fonctionnement irr\u00e9parable dans les 10 premi\u00e8res ann\u00e9es de vie, \u00e0 condition que les <a href=\"https:\/\/www.cirprotec.com\/fr\/conditions-generales-garantie-nimbus-10-ans\/\">termes sp\u00e9cifi\u00e9s<\/a> dans le programme.<\/p>\t\t\t\t\t\t\t\t<\/div>\n\t\t\t\t<\/div>\n\t\t\t\t<\/div>\n\t\t<div class=\"elementor-element elementor-element-6daa623 e-con-full e-flex e-con e-child\" data-id=\"6daa623\" data-element_type=\"container\" data-e-type=\"container\" data-settings=\"{&quot;background_background&quot;:&quot;classic&quot;,&quot;jet_parallax_layout_list&quot;:[]}\">\n\t\t\t\t<div class=\"elementor-element elementor-element-2b62801 elementor-widget elementor-widget-image\" data-id=\"2b62801\" data-element_type=\"widget\" data-e-type=\"widget\" data-widget_type=\"image.default\">\n\t\t\t\t<div class=\"elementor-widget-container\">\n\t\t\t\t\t\t\t\t\t\t\t\t\t\t\t<img decoding=\"async\" width=\"595\" height=\"421\" src=\"https:\/\/www.cirprotec.com\/wp-content\/uploads\/2024\/09\/Nimbus-Project-Designer_Banner_v2-e1712825219217.png\" class=\"attachment-large size-large wp-image-11373\" alt=\"\" srcset=\"https:\/\/www.cirprotec.com\/wp-content\/uploads\/2024\/09\/Nimbus-Project-Designer_Banner_v2-e1712825219217.png 595w, https:\/\/www.cirprotec.com\/wp-content\/uploads\/2024\/09\/Nimbus-Project-Designer_Banner_v2-e1712825219217-300x212.png 300w\" sizes=\"(max-width: 595px) 100vw, 595px\" \/>\t\t\t\t\t\t\t\t\t\t\t\t\t\t\t<\/div>\n\t\t\t\t<\/div>\n\t\t\t\t<\/div>\n\t\t\t\t\t<\/div>\n\t\t\t\t<\/div>\n\t\t<div class=\"elementor-element elementor-element-95d1880 e-flex e-con-boxed e-con e-parent\" data-id=\"95d1880\" data-element_type=\"container\" data-e-type=\"container\" data-settings=\"{&quot;jet_parallax_layout_list&quot;:[]}\">\n\t\t\t\t\t<div class=\"e-con-inner\">\n\t\t\t\t<div class=\"elementor-element elementor-element-0595631 elementor-widget elementor-widget-heading\" data-id=\"0595631\" data-element_type=\"widget\" data-e-type=\"widget\" data-widget_type=\"heading.default\">\n\t\t\t\t<div class=\"elementor-widget-container\">\n\t\t\t\t\t<h2 class=\"elementor-heading-title elementor-size-default\">Quels produits sont inclus ?<\/h2>\t\t\t\t<\/div>\n\t\t\t\t<\/div>\n\t\t<div class=\"elementor-element elementor-element-a227f58 e-con-full e-flex e-con e-child\" data-id=\"a227f58\" data-element_type=\"container\" data-e-type=\"container\" data-settings=\"{&quot;jet_parallax_layout_list&quot;:[]}\">\n\t\t<div class=\"elementor-element elementor-element-5267a73 e-con-full e-flex e-con e-child\" data-id=\"5267a73\" data-element_type=\"container\" data-e-type=\"container\" data-settings=\"{&quot;background_background&quot;:&quot;gradient&quot;,&quot;jet_parallax_layout_list&quot;:[]}\">\n\t\t\t\t<div class=\"elementor-element elementor-element-ca45147 elementor-widget elementor-widget-image\" data-id=\"ca45147\" data-element_type=\"widget\" data-e-type=\"widget\" data-widget_type=\"image.default\">\n\t\t\t\t<div class=\"elementor-widget-container\">\n\t\t\t\t\t\t\t\t\t\t\t\t\t\t\t<img decoding=\"async\" src=\"https:\/\/www.cirprotec.com\/wp-content\/uploads\/PRODUCT\/PHP-MSL\/PHP-NIMBUS-15-ESCALAT-CIRPROTEC.png\" title=\"\" alt=\"\" loading=\"lazy\" \/>\t\t\t\t\t\t\t\t\t\t\t\t\t\t\t<\/div>\n\t\t\t\t<\/div>\n\t\t\t\t<div class=\"elementor-element elementor-element-3c958f4 elementor-widget elementor-widget-text-editor\" data-id=\"3c958f4\" data-element_type=\"widget\" data-e-type=\"widget\" data-widget_type=\"text-editor.default\">\n\t\t\t\t<div class=\"elementor-widget-container\">\n\t\t\t\t\t\t\t\t\t<h4><span style=\"color: #333333;\">nimbus<sup>\u00ae<\/sup> 15<\/span><\/h4><p>Code 77901115<\/p>\t\t\t\t\t\t\t\t<\/div>\n\t\t\t\t<\/div>\n\t\t\t\t<\/div>\n\t\t<div class=\"elementor-element elementor-element-061d89e e-con-full e-flex e-con e-child\" data-id=\"061d89e\" data-element_type=\"container\" data-e-type=\"container\" data-settings=\"{&quot;jet_parallax_layout_list&quot;:[]}\">\n\t\t\t\t<div class=\"elementor-element elementor-element-37df481 elementor-widget elementor-widget-image\" data-id=\"37df481\" data-element_type=\"widget\" data-e-type=\"widget\" data-widget_type=\"image.default\">\n\t\t\t\t<div class=\"elementor-widget-container\">\n\t\t\t\t\t\t\t\t\t\t\t\t\t\t\t<img decoding=\"async\" src=\"https:\/\/www.cirprotec.com\/wp-content\/uploads\/PRODUCT\/PHP-MSL\/PHP-NIMBUS-30-ESCALAT-CIRPROTEC.png\" title=\"\" alt=\"\" loading=\"lazy\" \/>\t\t\t\t\t\t\t\t\t\t\t\t\t\t\t<\/div>\n\t\t\t\t<\/div>\n\t\t\t\t<div class=\"elementor-element elementor-element-e8678fb elementor-widget elementor-widget-text-editor\" data-id=\"e8678fb\" data-element_type=\"widget\" data-e-type=\"widget\" data-widget_type=\"text-editor.default\">\n\t\t\t\t<div class=\"elementor-widget-container\">\n\t\t\t\t\t\t\t\t\t<h4><span style=\"color: #333333;\">nimbus<sup>\u00ae<\/sup> 30<\/span><\/h4><p>Code 77901130<\/p>\t\t\t\t\t\t\t\t<\/div>\n\t\t\t\t<\/div>\n\t\t\t\t<\/div>\n\t\t<div class=\"elementor-element elementor-element-5ffbcf0 e-con-full e-flex e-con e-child\" data-id=\"5ffbcf0\" data-element_type=\"container\" data-e-type=\"container\" data-settings=\"{&quot;jet_parallax_layout_list&quot;:[]}\">\n\t\t\t\t<div class=\"elementor-element elementor-element-408a09e elementor-widget elementor-widget-image\" data-id=\"408a09e\" data-element_type=\"widget\" data-e-type=\"widget\" data-widget_type=\"image.default\">\n\t\t\t\t<div class=\"elementor-widget-container\">\n\t\t\t\t\t\t\t\t\t\t\t\t\t\t\t<img decoding=\"async\" src=\"https:\/\/www.cirprotec.com\/wp-content\/uploads\/PRODUCT\/PHP-MSL\/PHP-NIMBUS-45-ESCALAT-CIRPROTEC.png\" title=\"\" alt=\"\" loading=\"lazy\" \/>\t\t\t\t\t\t\t\t\t\t\t\t\t\t\t<\/div>\n\t\t\t\t<\/div>\n\t\t\t\t<div class=\"elementor-element elementor-element-0aa22c2 elementor-widget elementor-widget-text-editor\" data-id=\"0aa22c2\" data-element_type=\"widget\" data-e-type=\"widget\" data-widget_type=\"text-editor.default\">\n\t\t\t\t<div class=\"elementor-widget-container\">\n\t\t\t\t\t\t\t\t\t<h4><span style=\"color: #333333;\">nimbus<sup>\u00ae<\/sup> 45<\/span><\/h4><p>Code 77901145<\/p>\t\t\t\t\t\t\t\t<\/div>\n\t\t\t\t<\/div>\n\t\t\t\t<\/div>\n\t\t<div class=\"elementor-element elementor-element-141b6fc e-con-full e-flex e-con e-child\" data-id=\"141b6fc\" data-element_type=\"container\" data-e-type=\"container\" data-settings=\"{&quot;jet_parallax_layout_list&quot;:[]}\">\n\t\t\t\t<div class=\"elementor-element elementor-element-797bc79 elementor-widget elementor-widget-image\" data-id=\"797bc79\" data-element_type=\"widget\" data-e-type=\"widget\" data-widget_type=\"image.default\">\n\t\t\t\t<div class=\"elementor-widget-container\">\n\t\t\t\t\t\t\t\t\t\t\t\t\t\t\t<img decoding=\"async\" src=\"https:\/\/www.cirprotec.com\/wp-content\/uploads\/PRODUCT\/PHP-MSL\/PHP-NIMBUS-60-ESCALAT-CIRPROTEC.png\" title=\"\" alt=\"\" loading=\"lazy\" \/>\t\t\t\t\t\t\t\t\t\t\t\t\t\t\t<\/div>\n\t\t\t\t<\/div>\n\t\t\t\t<div class=\"elementor-element elementor-element-0aa5fcc elementor-widget elementor-widget-text-editor\" data-id=\"0aa5fcc\" data-element_type=\"widget\" data-e-type=\"widget\" data-widget_type=\"text-editor.default\">\n\t\t\t\t<div class=\"elementor-widget-container\">\n\t\t\t\t\t\t\t\t\t<h4><span style=\"color: #333333;\">nimbus<sup>\u00ae<\/sup> 60<\/span><\/h4><p>Code 77901160<\/p>\t\t\t\t\t\t\t\t<\/div>\n\t\t\t\t<\/div>\n\t\t\t\t<\/div>\n\t\t\t\t<\/div>\n\t\t\t\t\t<\/div>\n\t\t\t\t<\/div>\n\t\t<div class=\"elementor-element elementor-element-a4308e8 e-flex e-con-boxed e-con e-parent\" data-id=\"a4308e8\" data-element_type=\"container\" data-e-type=\"container\" data-settings=\"{&quot;jet_parallax_layout_list&quot;:[]}\">\n\t\t\t\t\t<div class=\"e-con-inner\">\n\t\t\t\t<div class=\"elementor-element elementor-element-3bbcb1b elementor-widget elementor-widget-spacer\" data-id=\"3bbcb1b\" data-element_type=\"widget\" data-e-type=\"widget\" data-widget_type=\"spacer.default\">\n\t\t\t\t<div class=\"elementor-widget-container\">\n\t\t\t\t\t\t\t<div class=\"elementor-spacer\">\n\t\t\t<div class=\"elementor-spacer-inner\"><\/div>\n\t\t<\/div>\n\t\t\t\t\t\t<\/div>\n\t\t\t\t<\/div>\n\t\t\t\t<div class=\"elementor-element elementor-element-e69257a elementor-widget elementor-widget-heading\" data-id=\"e69257a\" data-element_type=\"widget\" data-e-type=\"widget\" data-widget_type=\"heading.default\">\n\t\t\t\t<div class=\"elementor-widget-container\">\n\t\t\t\t\t<h2 class=\"elementor-heading-title elementor-size-default\">Que dois-je faire? <\/h2>\t\t\t\t<\/div>\n\t\t\t\t<\/div>\n\t\t\t\t<div class=\"elementor-element elementor-element-00eeae8 titles elementor-widget elementor-widget-heading\" data-id=\"00eeae8\" data-element_type=\"widget\" data-e-type=\"widget\" data-widget_type=\"heading.default\">\n\t\t\t\t<div class=\"elementor-widget-container\">\n\t\t\t\t\t<p class=\"elementor-heading-title elementor-size-default\">L\u2019acheteur d\u2019un paratonnerre nimbus<sup>\u00ae<\/sup> peut demander l\u2019extension de garantie <span style=\"font-weight: 600\">enregistrant le paratonnerre et en lui donnant l\u2019entretient sp\u00e9cifi\u00e9<\/span> dan le programme. \n<br><br>\nSeulement l\u2019achat d\u2019un paratonnerre n\u2019implique pas en aucune fa\u00e7on que l\u2019acheteur puisse se b\u00e9n\u00e9ficier de l\u2019extension de la garantie. <\/p>\t\t\t\t<\/div>\n\t\t\t\t<\/div>\n\t\t\t\t\t<\/div>\n\t\t\t\t<\/div>\n\t\t<div class=\"elementor-element elementor-element-3661a20 e-flex e-con-boxed e-con e-parent\" data-id=\"3661a20\" data-element_type=\"container\" data-e-type=\"container\" data-settings=\"{&quot;jet_parallax_layout_list&quot;:[]}\">\n\t\t\t\t\t<div class=\"e-con-inner\">\n\t\t<div class=\"elementor-element elementor-element-970606a e-con-full e-flex e-con e-child\" data-id=\"970606a\" data-element_type=\"container\" data-e-type=\"container\" data-settings=\"{&quot;background_background&quot;:&quot;classic&quot;,&quot;jet_parallax_layout_list&quot;:[]}\">\n\t\t\t\t<div class=\"elementor-element elementor-element-1e77edc elementor-widget elementor-widget-text-editor\" data-id=\"1e77edc\" data-element_type=\"widget\" data-e-type=\"widget\" data-widget_type=\"text-editor.default\">\n\t\t\t\t<div class=\"elementor-widget-container\">\n\t\t\t\t\t\t\t\t\t<h3><span style=\"color: #333333;\">Enregistrez votre paratonnerre<\/span><\/h3><p>Si vous poss\u00e9dez plus d&rsquo;un paratonnerre, remplissez le formulaire autant de fois que n\u00e9cessaire, une pour chaque installation.<\/p>\t\t\t\t\t\t\t\t<\/div>\n\t\t\t\t<\/div>\n\t\t\t\t<div class=\"elementor-element elementor-element-f256450 elementor-widget elementor-widget-hubspot-form\" data-id=\"f256450\" data-element_type=\"widget\" data-e-type=\"widget\" data-widget_type=\"hubspot-form.default\">\n\t\t\t\t<div class=\"elementor-widget-container\">\n\t\t\t\t\t\n\t\t\t\t\t\t<script>\n\t\t\t\t\t\t\twindow.hsFormsOnReady = window.hsFormsOnReady || [];\n\t\t\t\t\t\t\twindow.hsFormsOnReady.push(()=>{\n\t\t\t\t\t\t\t\thbspt.forms.create({\n\t\t\t\t\t\t\t\t\tportalId: 4752814,\n\t\t\t\t\t\t\t\t\tformId: \"2c9586dc-e76c-4d42-8049-a54b062aec80\",\n\t\t\t\t\t\t\t\t\ttarget: \"#hbspt-form-1775464091000-2546626456\",\n\t\t\t\t\t\t\t\t\tregion: \"na1\",\n\t\t\t\t\t\t\t\t\t\n\t\t\t\t\t\t\t})});\n\t\t\t\t\t\t<\/script>\n\t\t\t\t\t\t<div class=\"hbspt-form\" id=\"hbspt-form-1775464091000-2546626456\"><\/div>\t\t\t\t<\/div>\n\t\t\t\t<\/div>\n\t\t\t\t<\/div>\n\t\t\t\t\t<\/div>\n\t\t\t\t<\/div>\n\t\t<div class=\"elementor-element elementor-element-f3e07b7 e-con-full e-flex e-con e-parent\" data-id=\"f3e07b7\" data-element_type=\"container\" data-e-type=\"container\" data-settings=\"{&quot;background_background&quot;:&quot;classic&quot;,&quot;jet_parallax_layout_list&quot;:[]}\">\n\t\t\t\t<\/div>\n\t\t\t\t<\/div>\n\t\t","protected":false},"excerpt":{"rendered":"<p>Programme de garantie 10 ans Nimbus\u00ae Ce qui est couvert ? Le programme \u00ab\u00a0Garantie 10 ans nimbus\u00ae\u00a0\u00bb qu\u2019offre Cirprotec pr\u00e9voit la restitution du paratonnerre nimbus\u00aeau cas o\u00f9 celui-ci pr\u00e9sente un d\u00e9faut de fonctionnement irr\u00e9parable dans les 10 premi\u00e8res ann\u00e9es de vie, \u00e0 condition que les termes sp\u00e9cifi\u00e9s dans le programme. Quels produits sont inclus ? [&hellip;]<\/p>\n","protected":false},"author":7,"featured_media":8527,"parent":0,"menu_order":42,"comment_status":"closed","ping_status":"closed","template":"","meta":{"_acf_changed":false,"content-type":"","_searchwp_excluded":"","footnotes":""},"class_list":["post-8785","page","type-page","status-publish","has-post-thumbnail","hentry"],"acf":[],"yoast_head":"<!-- This site is optimized with the Yoast SEO plugin v27.3 - https:\/\/yoast.com\/product\/yoast-seo-wordpress\/ -->\n<title>Programme de garantie a 10 ans nimbus - Cirprotec<\/title>\n<meta name=\"robots\" content=\"index, follow, max-snippet:-1, max-image-preview:large, max-video-preview:-1\" \/>\n<link rel=\"canonical\" href=\"https:\/\/www.cirprotec.com\/fr\/programme-de-garantie-a-10-ans-nimbus\/\" \/>\n<meta property=\"og:locale\" content=\"fr_FR\" \/>\n<meta property=\"og:type\" content=\"article\" \/>\n<meta property=\"og:title\" content=\"Programme de garantie a 10 ans nimbus - Cirprotec\" \/>\n<meta property=\"og:description\" content=\"Programme de garantie 10 ans Nimbus\u00ae Ce qui est couvert ? Le programme \u00ab\u00a0Garantie 10 ans nimbus\u00ae\u00a0\u00bb qu\u2019offre Cirprotec pr\u00e9voit la restitution du paratonnerre nimbus\u00aeau cas o\u00f9 celui-ci pr\u00e9sente un d\u00e9faut de fonctionnement irr\u00e9parable dans les 10 premi\u00e8res ann\u00e9es de vie, \u00e0 condition que les termes sp\u00e9cifi\u00e9s dans le programme. Quels produits sont inclus ? [&hellip;]\" \/>\n<meta property=\"og:url\" content=\"https:\/\/www.cirprotec.com\/fr\/programme-de-garantie-a-10-ans-nimbus\/\" \/>\n<meta property=\"og:site_name\" content=\"Cirprotec\" \/>\n<meta property=\"article:modified_time\" content=\"2025-05-08T10:36:01+00:00\" \/>\n<meta property=\"og:image\" content=\"https:\/\/www.cirprotec.com\/wp-content\/uploads\/2024\/05\/Portades-SEO_Garantia-nimbus-1.png\" \/>\n\t<meta property=\"og:image:width\" content=\"801\" \/>\n\t<meta property=\"og:image:height\" content=\"401\" \/>\n\t<meta property=\"og:image:type\" content=\"image\/png\" \/>\n<meta name=\"twitter:card\" content=\"summary_large_image\" \/>\n<meta name=\"twitter:label1\" content=\"Dur\u00e9e de lecture estim\u00e9e\" \/>\n\t<meta name=\"twitter:data1\" content=\"2 minutes\" \/>\n<script type=\"application\/ld+json\" class=\"yoast-schema-graph\">{\"@context\":\"https:\\\/\\\/schema.org\",\"@graph\":[{\"@type\":\"WebPage\",\"@id\":\"https:\\\/\\\/www.cirprotec.com\\\/fr\\\/programme-de-garantie-a-10-ans-nimbus\\\/\",\"url\":\"https:\\\/\\\/www.cirprotec.com\\\/fr\\\/programme-de-garantie-a-10-ans-nimbus\\\/\",\"name\":\"Programme de garantie a 10 ans nimbus - Cirprotec\",\"isPartOf\":{\"@id\":\"https:\\\/\\\/www.cirprotec.com\\\/fr\\\/#website\"},\"primaryImageOfPage\":{\"@id\":\"https:\\\/\\\/www.cirprotec.com\\\/fr\\\/programme-de-garantie-a-10-ans-nimbus\\\/#primaryimage\"},\"image\":{\"@id\":\"https:\\\/\\\/www.cirprotec.com\\\/fr\\\/programme-de-garantie-a-10-ans-nimbus\\\/#primaryimage\"},\"thumbnailUrl\":\"https:\\\/\\\/www.cirprotec.com\\\/wp-content\\\/uploads\\\/2024\\\/05\\\/Portades-SEO_Garantia-nimbus-1.png\",\"datePublished\":\"2024-04-09T11:39:15+00:00\",\"dateModified\":\"2025-05-08T10:36:01+00:00\",\"inLanguage\":\"fr-FR\",\"potentialAction\":[{\"@type\":\"ReadAction\",\"target\":[\"https:\\\/\\\/www.cirprotec.com\\\/fr\\\/programme-de-garantie-a-10-ans-nimbus\\\/\"]}]},{\"@type\":\"ImageObject\",\"inLanguage\":\"fr-FR\",\"@id\":\"https:\\\/\\\/www.cirprotec.com\\\/fr\\\/programme-de-garantie-a-10-ans-nimbus\\\/#primaryimage\",\"url\":\"https:\\\/\\\/www.cirprotec.com\\\/wp-content\\\/uploads\\\/2024\\\/05\\\/Portades-SEO_Garantia-nimbus-1.png\",\"contentUrl\":\"https:\\\/\\\/www.cirprotec.com\\\/wp-content\\\/uploads\\\/2024\\\/05\\\/Portades-SEO_Garantia-nimbus-1.png\",\"width\":801,\"height\":401},{\"@type\":\"WebSite\",\"@id\":\"https:\\\/\\\/www.cirprotec.com\\\/fr\\\/#website\",\"url\":\"https:\\\/\\\/www.cirprotec.com\\\/fr\\\/\",\"name\":\"Cirprotec\",\"description\":\"\",\"publisher\":{\"@id\":\"https:\\\/\\\/www.cirprotec.com\\\/fr\\\/#organization\"},\"potentialAction\":[{\"@type\":\"SearchAction\",\"target\":{\"@type\":\"EntryPoint\",\"urlTemplate\":\"https:\\\/\\\/www.cirprotec.com\\\/fr\\\/?s={search_term_string}\"},\"query-input\":{\"@type\":\"PropertyValueSpecification\",\"valueRequired\":true,\"valueName\":\"search_term_string\"}}],\"inLanguage\":\"fr-FR\"},{\"@type\":\"Organization\",\"@id\":\"https:\\\/\\\/www.cirprotec.com\\\/fr\\\/#organization\",\"name\":\"Cirprotec\",\"url\":\"https:\\\/\\\/www.cirprotec.com\\\/fr\\\/\",\"logo\":{\"@type\":\"ImageObject\",\"inLanguage\":\"fr-FR\",\"@id\":\"https:\\\/\\\/www.cirprotec.com\\\/fr\\\/#\\\/schema\\\/logo\\\/image\\\/\",\"url\":\"https:\\\/\\\/www.cirprotec.com\\\/wp-content\\\/uploads\\\/2025\\\/12\\\/Logo-Cirprotec-by-Mersen.svg\",\"contentUrl\":\"https:\\\/\\\/www.cirprotec.com\\\/wp-content\\\/uploads\\\/2025\\\/12\\\/Logo-Cirprotec-by-Mersen.svg\",\"width\":284.53,\"height\":104.61,\"caption\":\"Cirprotec\"},\"image\":{\"@id\":\"https:\\\/\\\/www.cirprotec.com\\\/fr\\\/#\\\/schema\\\/logo\\\/image\\\/\"}}]}<\/script>\n<!-- \/ Yoast SEO plugin. -->","yoast_head_json":{"title":"Programme de garantie a 10 ans nimbus - Cirprotec","robots":{"index":"index","follow":"follow","max-snippet":"max-snippet:-1","max-image-preview":"max-image-preview:large","max-video-preview":"max-video-preview:-1"},"canonical":"https:\/\/www.cirprotec.com\/fr\/programme-de-garantie-a-10-ans-nimbus\/","og_locale":"fr_FR","og_type":"article","og_title":"Programme de garantie a 10 ans nimbus - Cirprotec","og_description":"Programme de garantie 10 ans Nimbus\u00ae Ce qui est couvert ? Le programme \u00ab\u00a0Garantie 10 ans nimbus\u00ae\u00a0\u00bb qu\u2019offre Cirprotec pr\u00e9voit la restitution du paratonnerre nimbus\u00aeau cas o\u00f9 celui-ci pr\u00e9sente un d\u00e9faut de fonctionnement irr\u00e9parable dans les 10 premi\u00e8res ann\u00e9es de vie, \u00e0 condition que les termes sp\u00e9cifi\u00e9s dans le programme. Quels produits sont inclus ? [&hellip;]","og_url":"https:\/\/www.cirprotec.com\/fr\/programme-de-garantie-a-10-ans-nimbus\/","og_site_name":"Cirprotec","article_modified_time":"2025-05-08T10:36:01+00:00","og_image":[{"width":801,"height":401,"url":"https:\/\/www.cirprotec.com\/wp-content\/uploads\/2024\/05\/Portades-SEO_Garantia-nimbus-1.png","type":"image\/png"}],"twitter_card":"summary_large_image","twitter_misc":{"Dur\u00e9e de lecture estim\u00e9e":"2 minutes"},"schema":{"@context":"https:\/\/schema.org","@graph":[{"@type":"WebPage","@id":"https:\/\/www.cirprotec.com\/fr\/programme-de-garantie-a-10-ans-nimbus\/","url":"https:\/\/www.cirprotec.com\/fr\/programme-de-garantie-a-10-ans-nimbus\/","name":"Programme de garantie a 10 ans nimbus - Cirprotec","isPartOf":{"@id":"https:\/\/www.cirprotec.com\/fr\/#website"},"primaryImageOfPage":{"@id":"https:\/\/www.cirprotec.com\/fr\/programme-de-garantie-a-10-ans-nimbus\/#primaryimage"},"image":{"@id":"https:\/\/www.cirprotec.com\/fr\/programme-de-garantie-a-10-ans-nimbus\/#primaryimage"},"thumbnailUrl":"https:\/\/www.cirprotec.com\/wp-content\/uploads\/2024\/05\/Portades-SEO_Garantia-nimbus-1.png","datePublished":"2024-04-09T11:39:15+00:00","dateModified":"2025-05-08T10:36:01+00:00","inLanguage":"fr-FR","potentialAction":[{"@type":"ReadAction","target":["https:\/\/www.cirprotec.com\/fr\/programme-de-garantie-a-10-ans-nimbus\/"]}]},{"@type":"ImageObject","inLanguage":"fr-FR","@id":"https:\/\/www.cirprotec.com\/fr\/programme-de-garantie-a-10-ans-nimbus\/#primaryimage","url":"https:\/\/www.cirprotec.com\/wp-content\/uploads\/2024\/05\/Portades-SEO_Garantia-nimbus-1.png","contentUrl":"https:\/\/www.cirprotec.com\/wp-content\/uploads\/2024\/05\/Portades-SEO_Garantia-nimbus-1.png","width":801,"height":401},{"@type":"WebSite","@id":"https:\/\/www.cirprotec.com\/fr\/#website","url":"https:\/\/www.cirprotec.com\/fr\/","name":"Cirprotec","description":"","publisher":{"@id":"https:\/\/www.cirprotec.com\/fr\/#organization"},"potentialAction":[{"@type":"SearchAction","target":{"@type":"EntryPoint","urlTemplate":"https:\/\/www.cirprotec.com\/fr\/?s={search_term_string}"},"query-input":{"@type":"PropertyValueSpecification","valueRequired":true,"valueName":"search_term_string"}}],"inLanguage":"fr-FR"},{"@type":"Organization","@id":"https:\/\/www.cirprotec.com\/fr\/#organization","name":"Cirprotec","url":"https:\/\/www.cirprotec.com\/fr\/","logo":{"@type":"ImageObject","inLanguage":"fr-FR","@id":"https:\/\/www.cirprotec.com\/fr\/#\/schema\/logo\/image\/","url":"https:\/\/www.cirprotec.com\/wp-content\/uploads\/2025\/12\/Logo-Cirprotec-by-Mersen.svg","contentUrl":"https:\/\/www.cirprotec.com\/wp-content\/uploads\/2025\/12\/Logo-Cirprotec-by-Mersen.svg","width":284.53,"height":104.61,"caption":"Cirprotec"},"image":{"@id":"https:\/\/www.cirprotec.com\/fr\/#\/schema\/logo\/image\/"}}]}},"_links":{"self":[{"href":"https:\/\/www.cirprotec.com\/fr\/wp-json\/wp\/v2\/pages\/8785","targetHints":{"allow":["GET"]}}],"collection":[{"href":"https:\/\/www.cirprotec.com\/fr\/wp-json\/wp\/v2\/pages"}],"about":[{"href":"https:\/\/www.cirprotec.com\/fr\/wp-json\/wp\/v2\/types\/page"}],"author":[{"embeddable":true,"href":"https:\/\/www.cirprotec.com\/fr\/wp-json\/wp\/v2\/users\/7"}],"replies":[{"embeddable":true,"href":"https:\/\/www.cirprotec.com\/fr\/wp-json\/wp\/v2\/comments?post=8785"}],"version-history":[{"count":6,"href":"https:\/\/www.cirprotec.com\/fr\/wp-json\/wp\/v2\/pages\/8785\/revisions"}],"predecessor-version":[{"id":25373,"href":"https:\/\/www.cirprotec.com\/fr\/wp-json\/wp\/v2\/pages\/8785\/revisions\/25373"}],"wp:featuredmedia":[{"embeddable":true,"href":"https:\/\/www.cirprotec.com\/fr\/wp-json\/wp\/v2\/media\/8527"}],"wp:attachment":[{"href":"https:\/\/www.cirprotec.com\/fr\/wp-json\/wp\/v2\/media?parent=8785"}],"curies":[{"name":"wp","href":"https:\/\/api.w.org\/{rel}","templated":true}]}}