{"id":8760,"date":"2024-04-11T09:38:51","date_gmt":"2024-04-11T09:38:51","guid":{"rendered":"https:\/\/www.cirprotec.com\/conditions-generales-garantie-nimbus-10-ans\/"},"modified":"2025-05-02T11:53:43","modified_gmt":"2025-05-02T11:53:43","slug":"conditions-generales-garantie-nimbus-10-ans","status":"publish","type":"page","link":"https:\/\/www.cirprotec.com\/fr\/conditions-generales-garantie-nimbus-10-ans\/","title":{"rendered":"Conditions g\u00e9n\u00e9rales Garantie Nimbus 10 ans"},"content":{"rendered":"\t\t<div data-elementor-type=\"wp-page\" data-elementor-id=\"8760\" class=\"elementor elementor-8760 elementor-8343\" data-elementor-post-type=\"page\">\n\t\t\t\t<div class=\"elementor-element elementor-element-a0a3aaa textos-legales e-flex e-con-boxed e-con e-parent\" data-id=\"a0a3aaa\" data-element_type=\"container\" data-e-type=\"container\" data-settings=\"{&quot;jet_parallax_layout_list&quot;:[]}\">\n\t\t\t\t\t<div class=\"e-con-inner\">\n\t\t<div class=\"elementor-element elementor-element-457fac4 e-flex e-con-boxed e-con e-child\" data-id=\"457fac4\" data-element_type=\"container\" data-e-type=\"container\" data-settings=\"{&quot;jet_parallax_layout_list&quot;:[]}\">\n\t\t\t\t\t<div class=\"e-con-inner\">\n\t\t\t\t<div class=\"elementor-element elementor-element-858ba6c elementor-widget-tablet__width-inherit elementor-widget elementor-widget-heading\" data-id=\"858ba6c\" data-element_type=\"widget\" data-e-type=\"widget\" data-widget_type=\"heading.default\">\n\t\t\t\t<div class=\"elementor-widget-container\">\n\t\t\t\t\t<h1 class=\"elementor-heading-title elementor-size-default\">Conditions g\u00e9n\u00e9rales du programme de garantie nimbus<sup>\u00ae <\/sup> 10 ans \n<\/h1>\t\t\t\t<\/div>\n\t\t\t\t<\/div>\n\t\t\t\t<div class=\"elementor-element elementor-element-4f2e391 elementor-widget-tablet__width-inherit elementor-widget elementor-widget-text-editor\" data-id=\"4f2e391\" data-element_type=\"widget\" data-e-type=\"widget\" data-widget_type=\"text-editor.default\">\n\t\t\t\t<div class=\"elementor-widget-container\">\n\t\t\t\t\t\t\t\t\t<h3>Propri\u00e9t\u00e9 du site et services offerts<\/h3><p>La garantie par d\u00e9faut de fabricant de 2 ans que donne Cirprotec S.L sera prolong\u00e9e jusqu\u2019\u00e0 10 ans pour les paratonnerres nimbus 15 (77901115), nimbus 30 (77901130), nimbus 45 (77901145) et nimbus 60 (77901160) qui ont \u00e9t\u00e9 bien enregistr\u00e9 sur la page <a href=\"https:\/\/www.cirprotec.com\/fr\/programme-de-garantie-a-10-ans-nimbus\/\">http:\/\/www.www.cirprotec.com\/nimbusgarantie<\/a>.<\/p><p>Un num\u00e9ro de s\u00e9rie est assign\u00e9 \u00e0 chaque paratonnerre nimbus\u00ae ; il est li\u00e9 \u00e0 une ann\u00e9e de fabrication. L&rsquo;extension sera effective dans la mesure o\u00f9 les paratonnerres ont \u00e9t\u00e9 fabriqu\u00e9s apr\u00e8s le 31-07-2013 (non inclus) et o\u00f9 le produit a \u00e9t\u00e9 utilis\u00e9 et install\u00e9 conform\u00e9ment aux sp\u00e9cifications \u00e9tablies par Cirprotec, S.L. dans le cadre r\u00e9glementaire en vigueur.<\/p><p>Selon la norme NF C 17-102:2011 ou UNE 21186:2011, une installation doit \u00eatre entretenue au minimum une fois par an.<\/p><p>La responsabilit\u00e9 de Cirprotec, S.L. se limite \u00e0 r\u00e9parer ou remplacer le produit (\u00e0 la discr\u00e9tion de Cirprotec, S.L.) tant que nous estimons qu&rsquo;il n&rsquo;a pas \u00e9t\u00e9 maltrait\u00e9 ou manipul\u00e9 par une personne non autoris\u00e9e par le fabricant ou expos\u00e9 \u00e0 des niveaux d&rsquo;\u00e9nergie ou de transitoires qui d\u00e9passent les sp\u00e9cifications fournies par Cirprotec, S.L. pour le produit.<\/p><p>Le produit doit \u00eatre install\u00e9 et mis \u00e0 la terre conform\u00e9ment aux instructions et sp\u00e9cifications du fabricant et \u00e0 toutes les normes locales relatives \u00e0 l&rsquo;\u00e9lectricit\u00e9 et \u00e0 la s\u00e9curit\u00e9. Le fabricant et l&rsquo;acheteur sont inform\u00e9s que le produit, de par sa nature, peut \u00eatre sujet au vieillissement comme cons\u00e9quence d&rsquo;un nombre \u00e9lev\u00e9 de d\u00e9charges qu&rsquo;il subit lors de son utilisation normale et cette garantie exclut cet \u00e9l\u00e9ment graduel ou impr\u00e9vu.<\/p><p>La garantie offerte n&rsquo;indemnise pas l&rsquo;acheteur du produit pour des r\u00e9clamations relatives \u00e0 des dommages mat\u00e9riels dus \u00e0 des pertes d&rsquo;exploitation, de services ou de b\u00e9n\u00e9fices.<\/p><p>CIRPROTEC, S.L. n&rsquo;offre pas la garantie \u00e9tablie dans le pr\u00e9sent document pour les accessoires, parties, pi\u00e8ces ou composant qui ne sont pas fabriqu\u00e9s par CIRPROTEC, S.L., \u00e9tant entendu la garantie applicable pour ceux-ci sera celle de leur fabricant.<\/p><p>La garantie offerte est exclusive. Aucune personne ou entit\u00e9 n&rsquo;est autoris\u00e9e \u00e0 modifier, ajouter ou cr\u00e9er une quelconque garantie ou obligation en dehors des dispositions du pr\u00e9sent document.<\/p><p>Pour obtenir le service de garantie, avant d&rsquo;effectuer une quelconque r\u00e9clamation, le client doit contacter Cirprotec, S.L. dans un d\u00e9lai maximum de 30 jours \u00e0 partie de la d\u00e9tection du d\u00e9faut.<\/p>\t\t\t\t\t\t\t\t<\/div>\n\t\t\t\t<\/div>\n\t\t\t\t\t<\/div>\n\t\t\t\t<\/div>\n\t\t\t\t\t<\/div>\n\t\t\t\t<\/div>\n\t\t\t\t<\/div>\n\t\t","protected":false},"excerpt":{"rendered":"<p>Conditions g\u00e9n\u00e9rales du programme de garantie nimbus\u00ae 10 ans Propri\u00e9t\u00e9 du site et services offerts La garantie par d\u00e9faut de fabricant de 2 ans que donne Cirprotec S.L sera prolong\u00e9e jusqu\u2019\u00e0 10 ans pour les paratonnerres nimbus 15 (77901115), nimbus 30 (77901130), nimbus 45 (77901145) et nimbus 60 (77901160) qui ont \u00e9t\u00e9 bien enregistr\u00e9 sur [&hellip;]<\/p>\n","protected":false},"author":7,"featured_media":0,"parent":0,"menu_order":40,"comment_status":"closed","ping_status":"closed","template":"","meta":{"_acf_changed":false,"content-type":"","_searchwp_excluded":"","footnotes":""},"class_list":["post-8760","page","type-page","status-publish","hentry"],"acf":[],"yoast_head":"<!-- This site is optimized with the Yoast SEO plugin v27.3 - https:\/\/yoast.com\/product\/yoast-seo-wordpress\/ -->\n<title>Conditions g\u00e9n\u00e9rales Garantie Nimbus 10 ans - Cirprotec<\/title>\n<meta name=\"robots\" content=\"noindex, follow\" \/>\n<meta property=\"og:locale\" content=\"fr_FR\" \/>\n<meta property=\"og:type\" content=\"article\" \/>\n<meta property=\"og:title\" content=\"Conditions g\u00e9n\u00e9rales Garantie Nimbus 10 ans - Cirprotec\" \/>\n<meta property=\"og:description\" content=\"Conditions g\u00e9n\u00e9rales du programme de garantie nimbus\u00ae 10 ans Propri\u00e9t\u00e9 du site et services offerts La garantie par d\u00e9faut de fabricant de 2 ans que donne Cirprotec S.L sera prolong\u00e9e jusqu\u2019\u00e0 10 ans pour les paratonnerres nimbus 15 (77901115), nimbus 30 (77901130), nimbus 45 (77901145) et nimbus 60 (77901160) qui ont \u00e9t\u00e9 bien enregistr\u00e9 sur [&hellip;]\" \/>\n<meta property=\"og:url\" content=\"https:\/\/www.cirprotec.com\/fr\/conditions-generales-garantie-nimbus-10-ans\/\" \/>\n<meta property=\"og:site_name\" content=\"Cirprotec\" \/>\n<meta property=\"article:modified_time\" content=\"2025-05-02T11:53:43+00:00\" \/>\n<meta name=\"twitter:card\" content=\"summary_large_image\" \/>\n<meta name=\"twitter:label1\" content=\"Dur\u00e9e de lecture estim\u00e9e\" \/>\n\t<meta name=\"twitter:data1\" content=\"2 minutes\" \/>\n<script type=\"application\/ld+json\" class=\"yoast-schema-graph\">{\"@context\":\"https:\\\/\\\/schema.org\",\"@graph\":[{\"@type\":\"WebPage\",\"@id\":\"https:\\\/\\\/www.cirprotec.com\\\/fr\\\/conditions-generales-garantie-nimbus-10-ans\\\/\",\"url\":\"https:\\\/\\\/www.cirprotec.com\\\/fr\\\/conditions-generales-garantie-nimbus-10-ans\\\/\",\"name\":\"Conditions g\u00e9n\u00e9rales Garantie Nimbus 10 ans - Cirprotec\",\"isPartOf\":{\"@id\":\"https:\\\/\\\/www.cirprotec.com\\\/fr\\\/#website\"},\"datePublished\":\"2024-04-11T09:38:51+00:00\",\"dateModified\":\"2025-05-02T11:53:43+00:00\",\"inLanguage\":\"fr-FR\",\"potentialAction\":[{\"@type\":\"ReadAction\",\"target\":[\"https:\\\/\\\/www.cirprotec.com\\\/fr\\\/conditions-generales-garantie-nimbus-10-ans\\\/\"]}]},{\"@type\":\"WebSite\",\"@id\":\"https:\\\/\\\/www.cirprotec.com\\\/fr\\\/#website\",\"url\":\"https:\\\/\\\/www.cirprotec.com\\\/fr\\\/\",\"name\":\"Cirprotec\",\"description\":\"\",\"publisher\":{\"@id\":\"https:\\\/\\\/www.cirprotec.com\\\/fr\\\/#organization\"},\"potentialAction\":[{\"@type\":\"SearchAction\",\"target\":{\"@type\":\"EntryPoint\",\"urlTemplate\":\"https:\\\/\\\/www.cirprotec.com\\\/fr\\\/?s={search_term_string}\"},\"query-input\":{\"@type\":\"PropertyValueSpecification\",\"valueRequired\":true,\"valueName\":\"search_term_string\"}}],\"inLanguage\":\"fr-FR\"},{\"@type\":\"Organization\",\"@id\":\"https:\\\/\\\/www.cirprotec.com\\\/fr\\\/#organization\",\"name\":\"Cirprotec\",\"url\":\"https:\\\/\\\/www.cirprotec.com\\\/fr\\\/\",\"logo\":{\"@type\":\"ImageObject\",\"inLanguage\":\"fr-FR\",\"@id\":\"https:\\\/\\\/www.cirprotec.com\\\/fr\\\/#\\\/schema\\\/logo\\\/image\\\/\",\"url\":\"https:\\\/\\\/www.cirprotec.com\\\/wp-content\\\/uploads\\\/2025\\\/12\\\/Logo-Cirprotec-by-Mersen.svg\",\"contentUrl\":\"https:\\\/\\\/www.cirprotec.com\\\/wp-content\\\/uploads\\\/2025\\\/12\\\/Logo-Cirprotec-by-Mersen.svg\",\"width\":284.53,\"height\":104.61,\"caption\":\"Cirprotec\"},\"image\":{\"@id\":\"https:\\\/\\\/www.cirprotec.com\\\/fr\\\/#\\\/schema\\\/logo\\\/image\\\/\"}}]}<\/script>\n<!-- \/ Yoast SEO plugin. -->","yoast_head_json":{"title":"Conditions g\u00e9n\u00e9rales Garantie Nimbus 10 ans - Cirprotec","robots":{"index":"noindex","follow":"follow"},"og_locale":"fr_FR","og_type":"article","og_title":"Conditions g\u00e9n\u00e9rales Garantie Nimbus 10 ans - Cirprotec","og_description":"Conditions g\u00e9n\u00e9rales du programme de garantie nimbus\u00ae 10 ans Propri\u00e9t\u00e9 du site et services offerts La garantie par d\u00e9faut de fabricant de 2 ans que donne Cirprotec S.L sera prolong\u00e9e jusqu\u2019\u00e0 10 ans pour les paratonnerres nimbus 15 (77901115), nimbus 30 (77901130), nimbus 45 (77901145) et nimbus 60 (77901160) qui ont \u00e9t\u00e9 bien enregistr\u00e9 sur [&hellip;]","og_url":"https:\/\/www.cirprotec.com\/fr\/conditions-generales-garantie-nimbus-10-ans\/","og_site_name":"Cirprotec","article_modified_time":"2025-05-02T11:53:43+00:00","twitter_card":"summary_large_image","twitter_misc":{"Dur\u00e9e de lecture estim\u00e9e":"2 minutes"},"schema":{"@context":"https:\/\/schema.org","@graph":[{"@type":"WebPage","@id":"https:\/\/www.cirprotec.com\/fr\/conditions-generales-garantie-nimbus-10-ans\/","url":"https:\/\/www.cirprotec.com\/fr\/conditions-generales-garantie-nimbus-10-ans\/","name":"Conditions g\u00e9n\u00e9rales Garantie Nimbus 10 ans - Cirprotec","isPartOf":{"@id":"https:\/\/www.cirprotec.com\/fr\/#website"},"datePublished":"2024-04-11T09:38:51+00:00","dateModified":"2025-05-02T11:53:43+00:00","inLanguage":"fr-FR","potentialAction":[{"@type":"ReadAction","target":["https:\/\/www.cirprotec.com\/fr\/conditions-generales-garantie-nimbus-10-ans\/"]}]},{"@type":"WebSite","@id":"https:\/\/www.cirprotec.com\/fr\/#website","url":"https:\/\/www.cirprotec.com\/fr\/","name":"Cirprotec","description":"","publisher":{"@id":"https:\/\/www.cirprotec.com\/fr\/#organization"},"potentialAction":[{"@type":"SearchAction","target":{"@type":"EntryPoint","urlTemplate":"https:\/\/www.cirprotec.com\/fr\/?s={search_term_string}"},"query-input":{"@type":"PropertyValueSpecification","valueRequired":true,"valueName":"search_term_string"}}],"inLanguage":"fr-FR"},{"@type":"Organization","@id":"https:\/\/www.cirprotec.com\/fr\/#organization","name":"Cirprotec","url":"https:\/\/www.cirprotec.com\/fr\/","logo":{"@type":"ImageObject","inLanguage":"fr-FR","@id":"https:\/\/www.cirprotec.com\/fr\/#\/schema\/logo\/image\/","url":"https:\/\/www.cirprotec.com\/wp-content\/uploads\/2025\/12\/Logo-Cirprotec-by-Mersen.svg","contentUrl":"https:\/\/www.cirprotec.com\/wp-content\/uploads\/2025\/12\/Logo-Cirprotec-by-Mersen.svg","width":284.53,"height":104.61,"caption":"Cirprotec"},"image":{"@id":"https:\/\/www.cirprotec.com\/fr\/#\/schema\/logo\/image\/"}}]}},"_links":{"self":[{"href":"https:\/\/www.cirprotec.com\/fr\/wp-json\/wp\/v2\/pages\/8760","targetHints":{"allow":["GET"]}}],"collection":[{"href":"https:\/\/www.cirprotec.com\/fr\/wp-json\/wp\/v2\/pages"}],"about":[{"href":"https:\/\/www.cirprotec.com\/fr\/wp-json\/wp\/v2\/types\/page"}],"author":[{"embeddable":true,"href":"https:\/\/www.cirprotec.com\/fr\/wp-json\/wp\/v2\/users\/7"}],"replies":[{"embeddable":true,"href":"https:\/\/www.cirprotec.com\/fr\/wp-json\/wp\/v2\/comments?post=8760"}],"version-history":[{"count":3,"href":"https:\/\/www.cirprotec.com\/fr\/wp-json\/wp\/v2\/pages\/8760\/revisions"}],"predecessor-version":[{"id":24543,"href":"https:\/\/www.cirprotec.com\/fr\/wp-json\/wp\/v2\/pages\/8760\/revisions\/24543"}],"wp:attachment":[{"href":"https:\/\/www.cirprotec.com\/fr\/wp-json\/wp\/v2\/media?parent=8760"}],"curies":[{"name":"wp","href":"https:\/\/api.w.org\/{rel}","templated":true}]}}