{"id":20112,"date":"2024-12-10T12:43:51","date_gmt":"2024-12-10T12:43:51","guid":{"rendered":"https:\/\/www.cirprotec.com\/asesoramiento-personalizado\/"},"modified":"2025-04-22T10:05:53","modified_gmt":"2025-04-22T10:05:53","slug":"conseil-personnalise","status":"publish","type":"page","link":"https:\/\/www.cirprotec.com\/fr\/conseil-personnalise\/","title":{"rendered":"Conseil techniqueet commercial personnalis\u00e9"},"content":{"rendered":"\t\t<div data-elementor-type=\"wp-page\" data-elementor-id=\"20112\" class=\"elementor elementor-20112 elementor-12953\" data-elementor-post-type=\"page\">\n\t\t\t\t<div class=\"elementor-element elementor-element-83ca109 e-flex e-con-boxed e-con e-parent\" data-id=\"83ca109\" data-element_type=\"container\" data-e-type=\"container\" data-settings=\"{&quot;jet_parallax_layout_list&quot;:[]}\">\n\t\t\t\t\t<div class=\"e-con-inner\">\n\t\t<div class=\"elementor-element elementor-element-72046d5 e-con-full e-flex e-con e-child\" data-id=\"72046d5\" data-element_type=\"container\" data-e-type=\"container\" data-settings=\"{&quot;jet_parallax_layout_list&quot;:[]}\">\n\t\t\t\t<div class=\"elementor-element elementor-element-1296b56 elementor-position-inline-start elementor-view-default elementor-mobile-position-block-start elementor-widget elementor-widget-icon-box\" data-id=\"1296b56\" data-element_type=\"widget\" data-e-type=\"widget\" data-widget_type=\"icon-box.default\">\n\t\t\t\t<div class=\"elementor-widget-container\">\n\t\t\t\t\t\t\t<div class=\"elementor-icon-box-wrapper\">\n\n\t\t\t\t\t\t<div class=\"elementor-icon-box-icon\">\n\t\t\t\t<span  class=\"elementor-icon\">\n\t\t\t\t<svg xmlns=\"http:\/\/www.w3.org\/2000\/svg\" xmlns:xlink=\"http:\/\/www.w3.org\/1999\/xlink\" width=\"127\" height=\"127\" viewBox=\"0 0 127 127\"><defs><clipPath id=\"clip-path\"><rect id=\"Rect&#xE1;ngulo_640\" data-name=\"Rect&#xE1;ngulo 640\" width=\"67.882\" height=\"69.174\" fill=\"#333\"><\/rect><\/clipPath><\/defs><g id=\"Grupo_1928\" data-name=\"Grupo 1928\" transform=\"translate(-888 -286)\"><rect id=\"Rect&#xE1;ngulo_573\" data-name=\"Rect&#xE1;ngulo 573\" width=\"127\" height=\"127\" rx=\"63.5\" transform=\"translate(888 286)\" fill=\"#0a9e3b\" opacity=\"0.1\"><\/rect><g id=\"Grupo_1927\" data-name=\"Grupo 1927\" transform=\"translate(926.059 314.914)\"><g id=\"Grupo_1926\" data-name=\"Grupo 1926\" transform=\"translate(0 0)\" clip-path=\"url(#clip-path)\"><path id=\"Trazado_2433\" data-name=\"Trazado 2433\" d=\"M14.454,24.14a7.086,7.086,0,1,1,7.085-7.085,7.095,7.095,0,0,1-7.085,7.085m0-11.779a4.693,4.693,0,1,0,4.692,4.694,4.7,4.7,0,0,0-4.692-4.694\" transform=\"translate(5.305 7.178)\" fill=\"#333\"><\/path><path id=\"Trazado_2434\" data-name=\"Trazado 2434\" d=\"M23.782,36.474a1.2,1.2,0,0,1-1.147-1.539l1.435-4.808a6.392,6.392,0,0,1-4.833-6.19V11.294a6.389,6.389,0,0,1,6.381-6.38H47.651a6.387,6.387,0,0,1,6.38,6.38V23.936a6.388,6.388,0,0,1-6.38,6.381H34.283L24.4,36.3a1.184,1.184,0,0,1-.619.174M25.617,7.307a3.993,3.993,0,0,0-3.989,3.987V23.936a3.994,3.994,0,0,0,3.989,3.989,1.193,1.193,0,0,1,1.146,1.538l-.949,3.186L33.33,28.1a1.188,1.188,0,0,1,.619-.172h13.7a3.992,3.992,0,0,0,3.987-3.989V11.294a3.992,3.992,0,0,0-3.987-3.987Z\" transform=\"translate(13.851 3.539)\" fill=\"#333\"><\/path><path id=\"Trazado_2435\" data-name=\"Trazado 2435\" d=\"M30.19,14.689a1.768,1.768,0,1,0,1.7,1.777,1.691,1.691,0,0,0-1.7-1.777\" transform=\"translate(20.501 10.578)\" fill=\"#333\"><\/path><path id=\"Trazado_2436\" data-name=\"Trazado 2436\" d=\"M31.058,8.06a5.728,5.728,0,0,0-3.16.9.517.517,0,0,0-.181.605l.478,1.257a.519.519,0,0,0,.8.229,3.033,3.033,0,0,1,1.694-.513c.919.015,1.385.418,1.385,1.2,0,.664-.332,1.292-1.276,2.4a5.137,5.137,0,0,0-1.357,3.827l.04.519a.52.52,0,0,0,.519.48h1.557a.517.517,0,0,0,.519-.538l-.019-.531a3.431,3.431,0,0,1,1.017-2.57c1.041-1.237,1.839-2.3,1.839-3.81,0-1.718-1.192-3.454-3.855-3.454\" transform=\"translate(19.933 5.804)\" fill=\"#333\"><\/path><path id=\"Trazado_2437\" data-name=\"Trazado 2437\" d=\"M34.521,69.174H4.993A5,5,0,0,1,0,64.18V5A5,5,0,0,1,4.993,0H34.521a5,5,0,0,1,4.993,5,1.2,1.2,0,0,1-2.393,0,2.6,2.6,0,0,0-2.6-2.6H4.993A2.6,2.6,0,0,0,2.393,5V64.18a2.6,2.6,0,0,0,2.6,2.6H34.521a2.6,2.6,0,0,0,2.6-2.6V43.724a1.2,1.2,0,0,1,2.393,0V64.18a5,5,0,0,1-4.993,4.993\" transform=\"translate(0 0.001)\" fill=\"#333\"><\/path><path id=\"Trazado_2438\" data-name=\"Trazado 2438\" d=\"M26.645,8.643H7.1A3.1,3.1,0,0,1,4.006,5.549V1.2A1.2,1.2,0,0,1,5.2,0H28.544a1.2,1.2,0,0,1,1.2,1.2V5.549a3.1,3.1,0,0,1-3.094,3.094M6.4,2.393V5.549a.7.7,0,0,0,.7.7H26.645a.7.7,0,0,0,.7-.7V2.393Z\" transform=\"translate(2.885 0.001)\" fill=\"#333\"><\/path><path id=\"Trazado_2439\" data-name=\"Trazado 2439\" d=\"M29.9,37.722H4.645a1.2,1.2,0,0,1,0-2.393H29.9a1.2,1.2,0,1,1,0,2.393\" transform=\"translate(2.484 25.439)\" fill=\"#333\"><\/path><path id=\"Trazado_2440\" data-name=\"Trazado 2440\" d=\"M29.6,37.314a1.2,1.2,0,0,1-1.2-1.2V32.9a11.218,11.218,0,0,0-22.436,0v3.22a1.2,1.2,0,0,1-2.393,0V32.9a13.611,13.611,0,1,1,27.222,0v3.22a1.2,1.2,0,0,1-1.2,1.2\" transform=\"translate(2.573 13.889)\" fill=\"#333\"><\/path><\/g><\/g><\/g><\/svg>\t\t\t\t<\/span>\n\t\t\t<\/div>\n\t\t\t\n\t\t\t\t\t\t<div class=\"elementor-icon-box-content\">\n\n\t\t\t\t\t\t\t\t\t<h1 class=\"elementor-icon-box-title\">\n\t\t\t\t\t\t<span  >\n\t\t\t\t\t\t\tConseil technique<br> et commercial personnalis\u00e9\t\t\t\t\t\t<\/span>\n\t\t\t\t\t<\/h1>\n\t\t\t\t\n\t\t\t\t\n\t\t\t<\/div>\n\t\t\t\n\t\t<\/div>\n\t\t\t\t\t\t<\/div>\n\t\t\t\t<\/div>\n\t\t\t\t<div class=\"elementor-element elementor-element-e6447ac elementor-widget elementor-widget-text-editor\" data-id=\"e6447ac\" data-element_type=\"widget\" data-e-type=\"widget\" data-widget_type=\"text-editor.default\">\n\t\t\t\t<div class=\"elementor-widget-container\">\n\t\t\t\t\t\t\t\t\t<p>Si vous avez des questions, remplissez le formulaire ci-dessous et expliquez-nous comment nous pouvons vous aider. Notre \u00e9quipe \u00e9tudiera votre demande et vous contactera dans les plus brefs d\u00e9lais pour vous conseiller<\/p>\t\t\t\t\t\t\t\t<\/div>\n\t\t\t\t<\/div>\n\t\t\t\t<\/div>\n\t\t<div class=\"elementor-element elementor-element-68c3f4f5 e-con-full e-flex e-con e-child\" data-id=\"68c3f4f5\" data-element_type=\"container\" data-e-type=\"container\" data-settings=\"{&quot;background_background&quot;:&quot;classic&quot;,&quot;jet_parallax_layout_list&quot;:[]}\">\n\t\t\t\t<div class=\"elementor-element elementor-element-6a6921c elementor-widget elementor-widget-hubspot-form\" data-id=\"6a6921c\" data-element_type=\"widget\" data-e-type=\"widget\" data-widget_type=\"hubspot-form.default\">\n\t\t\t\t<div class=\"elementor-widget-container\">\n\t\t\t\t\t\n\t\t\t\t\t\t<script>\n\t\t\t\t\t\t\twindow.hsFormsOnReady = window.hsFormsOnReady || [];\n\t\t\t\t\t\t\twindow.hsFormsOnReady.push(()=>{\n\t\t\t\t\t\t\t\thbspt.forms.create({\n\t\t\t\t\t\t\t\t\tportalId: 4752814,\n\t\t\t\t\t\t\t\t\tformId: \"75a8576a-5de6-4095-a946-6296fc18e5ad\",\n\t\t\t\t\t\t\t\t\ttarget: \"#hbspt-form-1776590055000-3257254000\",\n\t\t\t\t\t\t\t\t\tregion: \"na1\",\n\t\t\t\t\t\t\t\t\t\n\t\t\t\t\t\t\t})});\n\t\t\t\t\t\t<\/script>\n\t\t\t\t\t\t<div class=\"hbspt-form\" id=\"hbspt-form-1776590055000-3257254000\"><\/div>\t\t\t\t<\/div>\n\t\t\t\t<\/div>\n\t\t\t\t<\/div>\n\t\t\t\t\t<\/div>\n\t\t\t\t<\/div>\n\t\t<div class=\"elementor-element elementor-element-0795080 e-flex e-con-boxed e-con e-parent\" data-id=\"0795080\" data-element_type=\"container\" data-e-type=\"container\" data-settings=\"{&quot;background_background&quot;:&quot;classic&quot;,&quot;jet_parallax_layout_list&quot;:[]}\">\n\t\t\t\t\t<div class=\"e-con-inner\">\n\t\t\t\t\t<\/div>\n\t\t\t\t<\/div>\n\t\t\t\t<\/div>\n\t\t","protected":false},"excerpt":{"rendered":"<p>Conseil technique et commercial personnalis\u00e9 Si vous avez des questions, remplissez le formulaire ci-dessous et expliquez-nous comment nous pouvons vous aider. Notre \u00e9quipe \u00e9tudiera votre demande et vous contactera dans les plus brefs d\u00e9lais pour vous conseiller<\/p>\n","protected":false},"author":13,"featured_media":0,"parent":0,"menu_order":109,"comment_status":"closed","ping_status":"closed","template":"","meta":{"_acf_changed":false,"content-type":"","_searchwp_excluded":"","footnotes":""},"class_list":["post-20112","page","type-page","status-publish","hentry"],"acf":[],"yoast_head":"<!-- This site is optimized with the Yoast SEO plugin v27.4 - https:\/\/yoast.com\/product\/yoast-seo-wordpress\/ -->\n<title>Conseil techniqueet commercial personnalis\u00e9 - Cirprotec<\/title>\n<meta name=\"robots\" content=\"index, follow, max-snippet:-1, max-image-preview:large, max-video-preview:-1\" \/>\n<link rel=\"canonical\" href=\"https:\/\/www.cirprotec.com\/fr\/conseil-personnalise\/\" \/>\n<meta property=\"og:locale\" content=\"fr_FR\" \/>\n<meta property=\"og:type\" content=\"article\" \/>\n<meta property=\"og:title\" content=\"Conseil techniqueet commercial personnalis\u00e9 - Cirprotec\" \/>\n<meta property=\"og:description\" content=\"Conseil technique et commercial personnalis\u00e9 Si vous avez des questions, remplissez le formulaire ci-dessous et expliquez-nous comment nous pouvons vous aider. Notre \u00e9quipe \u00e9tudiera votre demande et vous contactera dans les plus brefs d\u00e9lais pour vous conseiller\" \/>\n<meta property=\"og:url\" content=\"https:\/\/www.cirprotec.com\/fr\/conseil-personnalise\/\" \/>\n<meta property=\"og:site_name\" content=\"Cirprotec\" \/>\n<meta property=\"article:modified_time\" content=\"2025-04-22T10:05:53+00:00\" \/>\n<meta name=\"twitter:card\" content=\"summary_large_image\" \/>\n<meta name=\"twitter:label1\" content=\"Dur\u00e9e de lecture estim\u00e9e\" \/>\n\t<meta name=\"twitter:data1\" content=\"1 minute\" \/>\n<script type=\"application\/ld+json\" class=\"yoast-schema-graph\">{\"@context\":\"https:\\\/\\\/schema.org\",\"@graph\":[{\"@type\":\"WebPage\",\"@id\":\"https:\\\/\\\/www.cirprotec.com\\\/fr\\\/conseil-personnalise\\\/\",\"url\":\"https:\\\/\\\/www.cirprotec.com\\\/fr\\\/conseil-personnalise\\\/\",\"name\":\"Conseil techniqueet commercial personnalis\u00e9 - Cirprotec\",\"isPartOf\":{\"@id\":\"https:\\\/\\\/www.cirprotec.com\\\/fr\\\/#website\"},\"datePublished\":\"2024-12-10T12:43:51+00:00\",\"dateModified\":\"2025-04-22T10:05:53+00:00\",\"inLanguage\":\"fr-FR\",\"potentialAction\":[{\"@type\":\"ReadAction\",\"target\":[\"https:\\\/\\\/www.cirprotec.com\\\/fr\\\/conseil-personnalise\\\/\"]}]},{\"@type\":\"WebSite\",\"@id\":\"https:\\\/\\\/www.cirprotec.com\\\/fr\\\/#website\",\"url\":\"https:\\\/\\\/www.cirprotec.com\\\/fr\\\/\",\"name\":\"Cirprotec\",\"description\":\"\",\"publisher\":{\"@id\":\"https:\\\/\\\/www.cirprotec.com\\\/fr\\\/#organization\"},\"potentialAction\":[{\"@type\":\"SearchAction\",\"target\":{\"@type\":\"EntryPoint\",\"urlTemplate\":\"https:\\\/\\\/www.cirprotec.com\\\/fr\\\/?s={search_term_string}\"},\"query-input\":{\"@type\":\"PropertyValueSpecification\",\"valueRequired\":true,\"valueName\":\"search_term_string\"}}],\"inLanguage\":\"fr-FR\"},{\"@type\":\"Organization\",\"@id\":\"https:\\\/\\\/www.cirprotec.com\\\/fr\\\/#organization\",\"name\":\"Cirprotec\",\"url\":\"https:\\\/\\\/www.cirprotec.com\\\/fr\\\/\",\"logo\":{\"@type\":\"ImageObject\",\"inLanguage\":\"fr-FR\",\"@id\":\"https:\\\/\\\/www.cirprotec.com\\\/fr\\\/#\\\/schema\\\/logo\\\/image\\\/\",\"url\":\"https:\\\/\\\/www.cirprotec.com\\\/wp-content\\\/uploads\\\/2025\\\/12\\\/Logo-Cirprotec-by-Mersen.svg\",\"contentUrl\":\"https:\\\/\\\/www.cirprotec.com\\\/wp-content\\\/uploads\\\/2025\\\/12\\\/Logo-Cirprotec-by-Mersen.svg\",\"width\":284.53,\"height\":104.61,\"caption\":\"Cirprotec\"},\"image\":{\"@id\":\"https:\\\/\\\/www.cirprotec.com\\\/fr\\\/#\\\/schema\\\/logo\\\/image\\\/\"}}]}<\/script>\n<!-- \/ Yoast SEO plugin. -->","yoast_head_json":{"title":"Conseil techniqueet commercial personnalis\u00e9 - Cirprotec","robots":{"index":"index","follow":"follow","max-snippet":"max-snippet:-1","max-image-preview":"max-image-preview:large","max-video-preview":"max-video-preview:-1"},"canonical":"https:\/\/www.cirprotec.com\/fr\/conseil-personnalise\/","og_locale":"fr_FR","og_type":"article","og_title":"Conseil techniqueet commercial personnalis\u00e9 - Cirprotec","og_description":"Conseil technique et commercial personnalis\u00e9 Si vous avez des questions, remplissez le formulaire ci-dessous et expliquez-nous comment nous pouvons vous aider. Notre \u00e9quipe \u00e9tudiera votre demande et vous contactera dans les plus brefs d\u00e9lais pour vous conseiller","og_url":"https:\/\/www.cirprotec.com\/fr\/conseil-personnalise\/","og_site_name":"Cirprotec","article_modified_time":"2025-04-22T10:05:53+00:00","twitter_card":"summary_large_image","twitter_misc":{"Dur\u00e9e de lecture estim\u00e9e":"1 minute"},"schema":{"@context":"https:\/\/schema.org","@graph":[{"@type":"WebPage","@id":"https:\/\/www.cirprotec.com\/fr\/conseil-personnalise\/","url":"https:\/\/www.cirprotec.com\/fr\/conseil-personnalise\/","name":"Conseil techniqueet commercial personnalis\u00e9 - Cirprotec","isPartOf":{"@id":"https:\/\/www.cirprotec.com\/fr\/#website"},"datePublished":"2024-12-10T12:43:51+00:00","dateModified":"2025-04-22T10:05:53+00:00","inLanguage":"fr-FR","potentialAction":[{"@type":"ReadAction","target":["https:\/\/www.cirprotec.com\/fr\/conseil-personnalise\/"]}]},{"@type":"WebSite","@id":"https:\/\/www.cirprotec.com\/fr\/#website","url":"https:\/\/www.cirprotec.com\/fr\/","name":"Cirprotec","description":"","publisher":{"@id":"https:\/\/www.cirprotec.com\/fr\/#organization"},"potentialAction":[{"@type":"SearchAction","target":{"@type":"EntryPoint","urlTemplate":"https:\/\/www.cirprotec.com\/fr\/?s={search_term_string}"},"query-input":{"@type":"PropertyValueSpecification","valueRequired":true,"valueName":"search_term_string"}}],"inLanguage":"fr-FR"},{"@type":"Organization","@id":"https:\/\/www.cirprotec.com\/fr\/#organization","name":"Cirprotec","url":"https:\/\/www.cirprotec.com\/fr\/","logo":{"@type":"ImageObject","inLanguage":"fr-FR","@id":"https:\/\/www.cirprotec.com\/fr\/#\/schema\/logo\/image\/","url":"https:\/\/www.cirprotec.com\/wp-content\/uploads\/2025\/12\/Logo-Cirprotec-by-Mersen.svg","contentUrl":"https:\/\/www.cirprotec.com\/wp-content\/uploads\/2025\/12\/Logo-Cirprotec-by-Mersen.svg","width":284.53,"height":104.61,"caption":"Cirprotec"},"image":{"@id":"https:\/\/www.cirprotec.com\/fr\/#\/schema\/logo\/image\/"}}]}},"_links":{"self":[{"href":"https:\/\/www.cirprotec.com\/fr\/wp-json\/wp\/v2\/pages\/20112","targetHints":{"allow":["GET"]}}],"collection":[{"href":"https:\/\/www.cirprotec.com\/fr\/wp-json\/wp\/v2\/pages"}],"about":[{"href":"https:\/\/www.cirprotec.com\/fr\/wp-json\/wp\/v2\/types\/page"}],"author":[{"embeddable":true,"href":"https:\/\/www.cirprotec.com\/fr\/wp-json\/wp\/v2\/users\/13"}],"replies":[{"embeddable":true,"href":"https:\/\/www.cirprotec.com\/fr\/wp-json\/wp\/v2\/comments?post=20112"}],"version-history":[{"count":0,"href":"https:\/\/www.cirprotec.com\/fr\/wp-json\/wp\/v2\/pages\/20112\/revisions"}],"wp:attachment":[{"href":"https:\/\/www.cirprotec.com\/fr\/wp-json\/wp\/v2\/media?parent=20112"}],"curies":[{"name":"wp","href":"https:\/\/api.w.org\/{rel}","templated":true}]}}