{"id":10497,"date":"2024-07-19T10:23:06","date_gmt":"2024-07-19T10:23:06","guid":{"rendered":"https:\/\/www.cirprotec.com\/safeground-technologie\/"},"modified":"2025-05-08T12:15:25","modified_gmt":"2025-05-08T12:15:25","slug":"safeground-technologie","status":"publish","type":"page","link":"https:\/\/www.cirprotec.com\/fr\/safeground\/safeground-technologie\/","title":{"rendered":"SAFEGROUND &#8211; Technologie"},"content":{"rendered":"\t\t<div data-elementor-type=\"wp-page\" data-elementor-id=\"10497\" class=\"elementor elementor-10497 elementor-10025\" data-elementor-post-type=\"page\">\n\t\t\t\t<div class=\"elementor-element elementor-element-e590e82 e-flex e-con-boxed e-con e-parent\" data-id=\"e590e82\" data-element_type=\"container\" data-e-type=\"container\" data-settings=\"{&quot;background_background&quot;:&quot;classic&quot;,&quot;jet_parallax_layout_list&quot;:[]}\">\n\t\t\t\t\t<div class=\"e-con-inner\">\n\t\t\t\t<div class=\"elementor-element elementor-element-e19c371 elementor-widget elementor-widget-heading\" data-id=\"e19c371\" data-element_type=\"widget\" data-e-type=\"widget\" data-widget_type=\"heading.default\">\n\t\t\t\t<div class=\"elementor-widget-container\">\n\t\t\t\t\t<h1 class=\"elementor-heading-title elementor-size-default\">Technologie<\/h1>\t\t\t\t<\/div>\n\t\t\t\t<\/div>\n\t\t\t\t<div class=\"elementor-element elementor-element-628567b elementor-widget elementor-widget-heading\" data-id=\"628567b\" data-element_type=\"widget\" data-e-type=\"widget\" data-widget_type=\"heading.default\">\n\t\t\t\t<div class=\"elementor-widget-container\">\n\t\t\t\t\t<h3 class=\"elementor-heading-title elementor-size-default\">SAFEGROUND<sup>\u00ae<\/sup><\/h3>\t\t\t\t<\/div>\n\t\t\t\t<\/div>\n\t\t\t\t\t<\/div>\n\t\t\t\t<\/div>\n\t\t<div class=\"elementor-element elementor-element-9b6ef5d e-flex e-con-boxed e-con e-parent\" data-id=\"9b6ef5d\" data-element_type=\"container\" data-e-type=\"container\" data-settings=\"{&quot;jet_parallax_layout_list&quot;:[]}\">\n\t\t\t\t\t<div class=\"e-con-inner\">\n\t\t\t\t<div class=\"elementor-element elementor-element-9991dae titles elementor-widget elementor-widget-heading\" data-id=\"9991dae\" data-element_type=\"widget\" data-e-type=\"widget\" data-widget_type=\"heading.default\">\n\t\t\t\t<div class=\"elementor-widget-container\">\n\t\t\t\t\t<h2 class=\"elementor-heading-title elementor-size-default\">La solution premium pour les installations les plus exigeantes<\/h2>\t\t\t\t<\/div>\n\t\t\t\t<\/div>\n\t\t\t\t<div class=\"elementor-element elementor-element-692ab7f elementor-widget elementor-widget-text-editor\" data-id=\"692ab7f\" data-element_type=\"widget\" data-e-type=\"widget\" data-widget_type=\"text-editor.default\">\n\t\t\t\t<div class=\"elementor-widget-container\">\n\t\t\t\t\t\t\t\t\t<p style=\"text-align: center;\">SAFEGROUND<sup>\u00ae<\/sup> surveille le syst\u00e8me de mise \u00e0 la terre en utilisant la technologie brevet\u00e9e par Cirprotec, garantissant un contr\u00f4le fiable et efficace pour r\u00e9pondre aux exigences techniques les plus \u00e9lev\u00e9es.<\/p>\t\t\t\t\t\t\t\t<\/div>\n\t\t\t\t<\/div>\n\t\t\t\t\t<\/div>\n\t\t\t\t<\/div>\n\t\t<div class=\"elementor-element elementor-element-d54932c e-flex e-con-boxed e-con e-parent\" data-id=\"d54932c\" data-element_type=\"container\" data-e-type=\"container\" data-settings=\"{&quot;jet_parallax_layout_list&quot;:[]}\">\n\t\t\t\t\t<div class=\"e-con-inner\">\n\t\t<div class=\"elementor-element elementor-element-8a8478f e-con-full e-flex e-con e-child\" data-id=\"8a8478f\" data-element_type=\"container\" data-e-type=\"container\" data-settings=\"{&quot;jet_parallax_layout_list&quot;:[]}\">\n\t\t\t\t<div class=\"elementor-element elementor-element-625dee7 elementor-widget elementor-widget-heading\" data-id=\"625dee7\" data-element_type=\"widget\" data-e-type=\"widget\" data-widget_type=\"heading.default\">\n\t\t\t\t<div class=\"elementor-widget-container\">\n\t\t\t\t\t<h3 class=\"elementor-heading-title elementor-size-default\">Technologie brevet\u00e9e par Cirprotec\n<\/h3>\t\t\t\t<\/div>\n\t\t\t\t<\/div>\n\t\t\t\t<div class=\"elementor-element elementor-element-40d1d55 elementor-widget elementor-widget-text-editor\" data-id=\"40d1d55\" data-element_type=\"widget\" data-e-type=\"widget\" data-widget_type=\"text-editor.default\">\n\t\t\t\t<div class=\"elementor-widget-container\">\n\t\t\t\t\t\t\t\t\t<p style=\"text-align: left;\">SAFEGROUND<sup>\u00ae<\/sup> repose sur la technologie de <span style=\"font-weight: 600;\">surveillance continue par la m\u00e9thode de l&rsquo;imp\u00e9dance de boucle<\/span>, d\u00e9j\u00e0 impl\u00e9ment\u00e9e dans d&rsquo;autres solutions de protection brevet\u00e9es, vendues et appliqu\u00e9es par Cirprotec dans des milliers d&rsquo;installations \u00e0 travers le monde.<\/p><p style=\"text-align: left;\">Le facteur suppl\u00e9mentaire de ce d\u00e9veloppement technologique (brevet en cours) consiste \u00e0 <span style=\"font-weight: 600;\">int\u00e9grer cette technologie dans l&rsquo;espace r\u00e9duit<\/span> d&rsquo;un protecteur contre les surtensions, offrant ainsi une valeur ajout\u00e9e \u00e0 l&rsquo;\u00e9quipement et tirant parti de la synergie positive entre le syst\u00e8me de mise \u00e0 la terre et les protecteurs.<\/p><p style=\"text-align: left;\">SAFEGROUND<sup>\u00ae<\/sup> n&rsquo;a pas pour objectif d&rsquo;\u00eatre un mesureur de r\u00e9sistance, mais il fournit des <span style=\"font-weight: 600;\">informations pertinentes sur le protecteur et, \u00e9ventuellement, sur l&rsquo;installation.<\/span><\/p><p style=\"text-align: left;\">En envoyant des impulsions et en mesurant la r\u00e9ponse en tension, il permet de conna\u00eetre l&rsquo;imp\u00e9dance du parcours, qui inclut g\u00e9n\u00e9ralement la mise \u00e0 la terre de l&rsquo;installation, ainsi que le c\u00e2blage et le chemin de retour \u00e0 travers le transformateur.<\/p>\t\t\t\t\t\t\t\t<\/div>\n\t\t\t\t<\/div>\n\t\t\t\t<\/div>\n\t\t<div class=\"elementor-element elementor-element-f9a873b e-con-full e-flex e-con e-child\" data-id=\"f9a873b\" data-element_type=\"container\" data-e-type=\"container\" data-settings=\"{&quot;jet_parallax_layout_list&quot;:[]}\">\n\t\t\t\t<div class=\"elementor-element elementor-element-1f46834 elementor-widget__width-inherit elementor-widget elementor-widget-image\" data-id=\"1f46834\" data-element_type=\"widget\" data-e-type=\"widget\" data-widget_type=\"image.default\">\n\t\t\t\t<div class=\"elementor-widget-container\">\n\t\t\t\t\t\t\t\t\t\t\t\t\t\t\t<img fetchpriority=\"high\" decoding=\"async\" width=\"350\" height=\"194\" src=\"https:\/\/www.cirprotec.com\/wp-content\/uploads\/2024\/10\/bb1f9d_4d7ff569bea14fc68fd01c68bb37d953mv2-e1721378200855-1.webp\" class=\"attachment-2048x2048 size-2048x2048 wp-image-11942\" alt=\"\" srcset=\"https:\/\/www.cirprotec.com\/wp-content\/uploads\/2024\/10\/bb1f9d_4d7ff569bea14fc68fd01c68bb37d953mv2-e1721378200855-1.webp 350w, https:\/\/www.cirprotec.com\/wp-content\/uploads\/2024\/10\/bb1f9d_4d7ff569bea14fc68fd01c68bb37d953mv2-e1721378200855-1-300x166.webp 300w\" sizes=\"(max-width: 350px) 100vw, 350px\" \/>\t\t\t\t\t\t\t\t\t\t\t\t\t\t\t<\/div>\n\t\t\t\t<\/div>\n\t\t\t\t<div class=\"elementor-element elementor-element-324a11a elementor-widget elementor-widget-text-editor\" data-id=\"324a11a\" data-element_type=\"widget\" data-e-type=\"widget\" data-widget_type=\"text-editor.default\">\n\t\t\t\t<div class=\"elementor-widget-container\">\n\t\t\t\t\t\t\t\t\t<p style=\"text-align: right;\"><em><span style=\"color: #808080;\">Principe de fonctionnement d\u2019un DPS<\/span><\/em><\/p>\t\t\t\t\t\t\t\t<\/div>\n\t\t\t\t<\/div>\n\t\t\t\t<\/div>\n\t\t\t\t\t<\/div>\n\t\t\t\t<\/div>\n\t\t<div class=\"elementor-element elementor-element-cd80cf0 e-flex e-con-boxed e-con e-parent\" data-id=\"cd80cf0\" data-element_type=\"container\" data-e-type=\"container\" data-settings=\"{&quot;jet_parallax_layout_list&quot;:[]}\">\n\t\t\t\t\t<div class=\"e-con-inner\">\n\t\t<div class=\"elementor-element elementor-element-409fb5e e-con-full elementor-hidden-mobile e-flex e-con e-child\" data-id=\"409fb5e\" data-element_type=\"container\" data-e-type=\"container\" data-settings=\"{&quot;jet_parallax_layout_list&quot;:[]}\">\n\t\t\t\t<div class=\"elementor-element elementor-element-6872cfc elementor-widget elementor-widget-image\" data-id=\"6872cfc\" data-element_type=\"widget\" data-e-type=\"widget\" data-widget_type=\"image.default\">\n\t\t\t\t<div class=\"elementor-widget-container\">\n\t\t\t\t\t\t\t\t\t\t\t\t\t\t\t<img decoding=\"async\" width=\"440\" height=\"218\" src=\"https:\/\/www.cirprotec.com\/wp-content\/uploads\/2024\/10\/bb1f9d_63e0e26ee212449f93a93e51973bde18mv2-e1721378344429-1.webp\" class=\"attachment-large size-large wp-image-11945\" alt=\"\" srcset=\"https:\/\/www.cirprotec.com\/wp-content\/uploads\/2024\/10\/bb1f9d_63e0e26ee212449f93a93e51973bde18mv2-e1721378344429-1.webp 440w, https:\/\/www.cirprotec.com\/wp-content\/uploads\/2024\/10\/bb1f9d_63e0e26ee212449f93a93e51973bde18mv2-e1721378344429-1-300x149.webp 300w\" sizes=\"(max-width: 440px) 100vw, 440px\" \/>\t\t\t\t\t\t\t\t\t\t\t\t\t\t\t<\/div>\n\t\t\t\t<\/div>\n\t\t\t\t<div class=\"elementor-element elementor-element-fd8941a elementor-widget elementor-widget-text-editor\" data-id=\"fd8941a\" data-element_type=\"widget\" data-e-type=\"widget\" data-widget_type=\"text-editor.default\">\n\t\t\t\t<div class=\"elementor-widget-container\">\n\t\t\t\t\t\t\t\t\t<p style=\"text-align: left;\"><em>Sch\u00e9ma de mesure par imp\u00e9dance de boucle utilis\u00e9 par SAFEGROUND<sup>\u00ae<\/sup><\/em><\/p>\t\t\t\t\t\t\t\t<\/div>\n\t\t\t\t<\/div>\n\t\t\t\t<\/div>\n\t\t<div class=\"elementor-element elementor-element-a666586 e-con-full e-flex e-con e-child\" data-id=\"a666586\" data-element_type=\"container\" data-e-type=\"container\" data-settings=\"{&quot;jet_parallax_layout_list&quot;:[]}\">\n\t\t\t\t<div class=\"elementor-element elementor-element-3ac488c elementor-widget elementor-widget-heading\" data-id=\"3ac488c\" data-element_type=\"widget\" data-e-type=\"widget\" data-widget_type=\"heading.default\">\n\t\t\t\t<div class=\"elementor-widget-container\">\n\t\t\t\t\t<h3 class=\"elementor-heading-title elementor-size-default\">M\u00e9thode de l'imp\u00e9dance de boucle<\/h3>\t\t\t\t<\/div>\n\t\t\t\t<\/div>\n\t\t\t\t<div class=\"elementor-element elementor-element-358a915 elementor-widget elementor-widget-text-editor\" data-id=\"358a915\" data-element_type=\"widget\" data-e-type=\"widget\" data-widget_type=\"text-editor.default\">\n\t\t\t\t<div class=\"elementor-widget-container\">\n\t\t\t\t\t\t\t\t\t<p>La m\u00e9thode de l\u2019imp\u00e9dance de boucle est un syst\u00e8me de <span style=\"font-weight: 600;\">v\u00e9rification de l\u2019ensemble du syst\u00e8me de mise \u00e0 la terre<\/span> sans avoir besoin d\u2019agir physiquement sur les piquets, mais uniquement sur la ligne basse tension.<\/p><p>En envoyant des impulsions et en mesurant la r\u00e9ponse en tension, elle permet de conna\u00eetre l\u2019imp\u00e9dance du parcours, qui inclut g\u00e9n\u00e9ralement la mise \u00e0 la terre de l\u2019installation, ainsi que le c\u00e2blage et le chemin de retour \u00e0 travers le transformateur.<\/p>\t\t\t\t\t\t\t\t<\/div>\n\t\t\t\t<\/div>\n\t\t<div class=\"elementor-element elementor-element-f6b771f e-con-full elementor-hidden-desktop elementor-hidden-tablet e-flex e-con e-child\" data-id=\"f6b771f\" data-element_type=\"container\" data-e-type=\"container\" data-settings=\"{&quot;jet_parallax_layout_list&quot;:[]}\">\n\t\t\t\t<div class=\"elementor-element elementor-element-343bcfe elementor-widget elementor-widget-image\" data-id=\"343bcfe\" data-element_type=\"widget\" data-e-type=\"widget\" data-widget_type=\"image.default\">\n\t\t\t\t<div class=\"elementor-widget-container\">\n\t\t\t\t\t\t\t\t\t\t\t\t\t\t\t<img decoding=\"async\" width=\"440\" height=\"218\" src=\"https:\/\/www.cirprotec.com\/wp-content\/uploads\/2024\/10\/bb1f9d_63e0e26ee212449f93a93e51973bde18mv2-e1721378344429-1.webp\" class=\"attachment-large size-large wp-image-11945\" alt=\"\" srcset=\"https:\/\/www.cirprotec.com\/wp-content\/uploads\/2024\/10\/bb1f9d_63e0e26ee212449f93a93e51973bde18mv2-e1721378344429-1.webp 440w, https:\/\/www.cirprotec.com\/wp-content\/uploads\/2024\/10\/bb1f9d_63e0e26ee212449f93a93e51973bde18mv2-e1721378344429-1-300x149.webp 300w\" sizes=\"(max-width: 440px) 100vw, 440px\" \/>\t\t\t\t\t\t\t\t\t\t\t\t\t\t\t<\/div>\n\t\t\t\t<\/div>\n\t\t\t\t<div class=\"elementor-element elementor-element-d66d522 elementor-widget elementor-widget-text-editor\" data-id=\"d66d522\" data-element_type=\"widget\" data-e-type=\"widget\" data-widget_type=\"text-editor.default\">\n\t\t\t\t<div class=\"elementor-widget-container\">\n\t\t\t\t\t\t\t\t\t<p style=\"text-align: left;\"><em>Sch\u00e9ma de mesure par imp\u00e9dance de boucle utilis\u00e9 par SAFEGROUND<sup>\u00ae<\/sup><\/em><\/p>\t\t\t\t\t\t\t\t<\/div>\n\t\t\t\t<\/div>\n\t\t\t\t<\/div>\n\t\t\t\t<\/div>\n\t\t\t\t\t<\/div>\n\t\t\t\t<\/div>\n\t\t<div class=\"elementor-element elementor-element-93c84a4 e-flex e-con-boxed e-con e-parent\" data-id=\"93c84a4\" data-element_type=\"container\" data-e-type=\"container\" data-settings=\"{&quot;jet_parallax_layout_list&quot;:[]}\">\n\t\t\t\t\t<div class=\"e-con-inner\">\n\t\t\t\t<div class=\"elementor-element elementor-element-9cfc58b elementor-mobile-align-left global-btn-crp elementor-widget elementor-widget-button\" data-id=\"9cfc58b\" data-element_type=\"widget\" data-e-type=\"widget\" data-widget_type=\"button.default\">\n\t\t\t\t<div class=\"elementor-widget-container\">\n\t\t\t\t\t\t\t\t\t<div class=\"elementor-button-wrapper\">\n\t\t\t\t\t<a class=\"elementor-button elementor-button-link elementor-size-sm\" href=\"https:\/\/www.cirprotec.com\/fr\/safeground\/\">\n\t\t\t\t\t\t<span class=\"elementor-button-content-wrapper\">\n\t\t\t\t\t\t\t\t\t<span class=\"elementor-button-text\">Plus d'informations<\/span>\n\t\t\t\t\t<\/span>\n\t\t\t\t\t<\/a>\n\t\t\t\t<\/div>\n\t\t\t\t\t\t\t\t<\/div>\n\t\t\t\t<\/div>\n\t\t\t\t\t<\/div>\n\t\t\t\t<\/div>\n\t\t\t\t<\/div>\n\t\t","protected":false},"excerpt":{"rendered":"<p>Technologie SAFEGROUND\u00ae La solution premium pour les installations les plus exigeantes SAFEGROUND\u00ae surveille le syst\u00e8me de mise \u00e0 la terre en utilisant la technologie brevet\u00e9e par Cirprotec, garantissant un contr\u00f4le fiable et efficace pour r\u00e9pondre aux exigences techniques les plus \u00e9lev\u00e9es. Technologie brevet\u00e9e par Cirprotec SAFEGROUND\u00ae repose sur la technologie de surveillance continue par la [&hellip;]<\/p>\n","protected":false},"author":7,"featured_media":10155,"parent":10503,"menu_order":12,"comment_status":"closed","ping_status":"closed","template":"","meta":{"_acf_changed":false,"content-type":"","_searchwp_excluded":"","footnotes":""},"class_list":["post-10497","page","type-page","status-publish","has-post-thumbnail","hentry"],"acf":[],"yoast_head":"<!-- This site is optimized with the Yoast SEO plugin v27.3 - https:\/\/yoast.com\/product\/yoast-seo-wordpress\/ -->\n<title>SAFEGROUND - Technologie - Cirprotec<\/title>\n<meta name=\"robots\" content=\"index, follow, max-snippet:-1, max-image-preview:large, max-video-preview:-1\" \/>\n<link rel=\"canonical\" href=\"https:\/\/www.cirprotec.com\/fr\/safeground\/safeground-technologie\/\" \/>\n<meta property=\"og:locale\" content=\"fr_FR\" \/>\n<meta property=\"og:type\" content=\"article\" \/>\n<meta property=\"og:title\" content=\"SAFEGROUND - Technologie - Cirprotec\" \/>\n<meta property=\"og:description\" content=\"Technologie SAFEGROUND\u00ae La solution premium pour les installations les plus exigeantes SAFEGROUND\u00ae surveille le syst\u00e8me de mise \u00e0 la terre en utilisant la technologie brevet\u00e9e par Cirprotec, garantissant un contr\u00f4le fiable et efficace pour r\u00e9pondre aux exigences techniques les plus \u00e9lev\u00e9es. Technologie brevet\u00e9e par Cirprotec SAFEGROUND\u00ae repose sur la technologie de surveillance continue par la [&hellip;]\" \/>\n<meta property=\"og:url\" content=\"https:\/\/www.cirprotec.com\/fr\/safeground\/safeground-technologie\/\" \/>\n<meta property=\"og:site_name\" content=\"Cirprotec\" \/>\n<meta property=\"article:modified_time\" content=\"2025-05-08T12:15:25+00:00\" \/>\n<meta property=\"og:image\" content=\"https:\/\/www.cirprotec.com\/wp-content\/uploads\/2024\/07\/Portades-SEO_MS-SAFEGROUND-1024x512.png\" \/>\n\t<meta property=\"og:image:width\" content=\"1024\" \/>\n\t<meta property=\"og:image:height\" content=\"512\" \/>\n\t<meta property=\"og:image:type\" content=\"image\/png\" \/>\n<meta name=\"twitter:card\" content=\"summary_large_image\" \/>\n<meta name=\"twitter:label1\" content=\"Dur\u00e9e de lecture estim\u00e9e\" \/>\n\t<meta name=\"twitter:data1\" content=\"3 minutes\" \/>\n<script type=\"application\/ld+json\" class=\"yoast-schema-graph\">{\"@context\":\"https:\\\/\\\/schema.org\",\"@graph\":[{\"@type\":\"WebPage\",\"@id\":\"https:\\\/\\\/www.cirprotec.com\\\/fr\\\/safeground\\\/safeground-technologie\\\/\",\"url\":\"https:\\\/\\\/www.cirprotec.com\\\/fr\\\/safeground\\\/safeground-technologie\\\/\",\"name\":\"SAFEGROUND - Technologie - Cirprotec\",\"isPartOf\":{\"@id\":\"https:\\\/\\\/www.cirprotec.com\\\/fr\\\/#website\"},\"primaryImageOfPage\":{\"@id\":\"https:\\\/\\\/www.cirprotec.com\\\/fr\\\/safeground\\\/safeground-technologie\\\/#primaryimage\"},\"image\":{\"@id\":\"https:\\\/\\\/www.cirprotec.com\\\/fr\\\/safeground\\\/safeground-technologie\\\/#primaryimage\"},\"thumbnailUrl\":\"https:\\\/\\\/www.cirprotec.com\\\/wp-content\\\/uploads\\\/2024\\\/07\\\/Portades-SEO_MS-SAFEGROUND.png\",\"datePublished\":\"2024-07-19T10:23:06+00:00\",\"dateModified\":\"2025-05-08T12:15:25+00:00\",\"breadcrumb\":{\"@id\":\"https:\\\/\\\/www.cirprotec.com\\\/fr\\\/safeground\\\/safeground-technologie\\\/#breadcrumb\"},\"inLanguage\":\"fr-FR\",\"potentialAction\":[{\"@type\":\"ReadAction\",\"target\":[\"https:\\\/\\\/www.cirprotec.com\\\/fr\\\/safeground\\\/safeground-technologie\\\/\"]}]},{\"@type\":\"ImageObject\",\"inLanguage\":\"fr-FR\",\"@id\":\"https:\\\/\\\/www.cirprotec.com\\\/fr\\\/safeground\\\/safeground-technologie\\\/#primaryimage\",\"url\":\"https:\\\/\\\/www.cirprotec.com\\\/wp-content\\\/uploads\\\/2024\\\/07\\\/Portades-SEO_MS-SAFEGROUND.png\",\"contentUrl\":\"https:\\\/\\\/www.cirprotec.com\\\/wp-content\\\/uploads\\\/2024\\\/07\\\/Portades-SEO_MS-SAFEGROUND.png\",\"width\":3334,\"height\":1667},{\"@type\":\"BreadcrumbList\",\"@id\":\"https:\\\/\\\/www.cirprotec.com\\\/fr\\\/safeground\\\/safeground-technologie\\\/#breadcrumb\",\"itemListElement\":[{\"@type\":\"ListItem\",\"position\":1,\"name\":\"SAFEGROUND\",\"item\":\"https:\\\/\\\/www.cirprotec.com\\\/fr\\\/safeground-2\\\/\"},{\"@type\":\"ListItem\",\"position\":2,\"name\":\"SAFEGROUND &#8211; Technologie\"}]},{\"@type\":\"WebSite\",\"@id\":\"https:\\\/\\\/www.cirprotec.com\\\/fr\\\/#website\",\"url\":\"https:\\\/\\\/www.cirprotec.com\\\/fr\\\/\",\"name\":\"Cirprotec\",\"description\":\"\",\"publisher\":{\"@id\":\"https:\\\/\\\/www.cirprotec.com\\\/fr\\\/#organization\"},\"potentialAction\":[{\"@type\":\"SearchAction\",\"target\":{\"@type\":\"EntryPoint\",\"urlTemplate\":\"https:\\\/\\\/www.cirprotec.com\\\/fr\\\/?s={search_term_string}\"},\"query-input\":{\"@type\":\"PropertyValueSpecification\",\"valueRequired\":true,\"valueName\":\"search_term_string\"}}],\"inLanguage\":\"fr-FR\"},{\"@type\":\"Organization\",\"@id\":\"https:\\\/\\\/www.cirprotec.com\\\/fr\\\/#organization\",\"name\":\"Cirprotec\",\"url\":\"https:\\\/\\\/www.cirprotec.com\\\/fr\\\/\",\"logo\":{\"@type\":\"ImageObject\",\"inLanguage\":\"fr-FR\",\"@id\":\"https:\\\/\\\/www.cirprotec.com\\\/fr\\\/#\\\/schema\\\/logo\\\/image\\\/\",\"url\":\"https:\\\/\\\/www.cirprotec.com\\\/wp-content\\\/uploads\\\/2025\\\/12\\\/Logo-Cirprotec-by-Mersen.svg\",\"contentUrl\":\"https:\\\/\\\/www.cirprotec.com\\\/wp-content\\\/uploads\\\/2025\\\/12\\\/Logo-Cirprotec-by-Mersen.svg\",\"width\":284.53,\"height\":104.61,\"caption\":\"Cirprotec\"},\"image\":{\"@id\":\"https:\\\/\\\/www.cirprotec.com\\\/fr\\\/#\\\/schema\\\/logo\\\/image\\\/\"}}]}<\/script>\n<!-- \/ Yoast SEO plugin. -->","yoast_head_json":{"title":"SAFEGROUND - Technologie - Cirprotec","robots":{"index":"index","follow":"follow","max-snippet":"max-snippet:-1","max-image-preview":"max-image-preview:large","max-video-preview":"max-video-preview:-1"},"canonical":"https:\/\/www.cirprotec.com\/fr\/safeground\/safeground-technologie\/","og_locale":"fr_FR","og_type":"article","og_title":"SAFEGROUND - Technologie - Cirprotec","og_description":"Technologie SAFEGROUND\u00ae La solution premium pour les installations les plus exigeantes SAFEGROUND\u00ae surveille le syst\u00e8me de mise \u00e0 la terre en utilisant la technologie brevet\u00e9e par Cirprotec, garantissant un contr\u00f4le fiable et efficace pour r\u00e9pondre aux exigences techniques les plus \u00e9lev\u00e9es. Technologie brevet\u00e9e par Cirprotec SAFEGROUND\u00ae repose sur la technologie de surveillance continue par la [&hellip;]","og_url":"https:\/\/www.cirprotec.com\/fr\/safeground\/safeground-technologie\/","og_site_name":"Cirprotec","article_modified_time":"2025-05-08T12:15:25+00:00","og_image":[{"width":1024,"height":512,"url":"https:\/\/www.cirprotec.com\/wp-content\/uploads\/2024\/07\/Portades-SEO_MS-SAFEGROUND-1024x512.png","type":"image\/png"}],"twitter_card":"summary_large_image","twitter_misc":{"Dur\u00e9e de lecture estim\u00e9e":"3 minutes"},"schema":{"@context":"https:\/\/schema.org","@graph":[{"@type":"WebPage","@id":"https:\/\/www.cirprotec.com\/fr\/safeground\/safeground-technologie\/","url":"https:\/\/www.cirprotec.com\/fr\/safeground\/safeground-technologie\/","name":"SAFEGROUND - Technologie - Cirprotec","isPartOf":{"@id":"https:\/\/www.cirprotec.com\/fr\/#website"},"primaryImageOfPage":{"@id":"https:\/\/www.cirprotec.com\/fr\/safeground\/safeground-technologie\/#primaryimage"},"image":{"@id":"https:\/\/www.cirprotec.com\/fr\/safeground\/safeground-technologie\/#primaryimage"},"thumbnailUrl":"https:\/\/www.cirprotec.com\/wp-content\/uploads\/2024\/07\/Portades-SEO_MS-SAFEGROUND.png","datePublished":"2024-07-19T10:23:06+00:00","dateModified":"2025-05-08T12:15:25+00:00","breadcrumb":{"@id":"https:\/\/www.cirprotec.com\/fr\/safeground\/safeground-technologie\/#breadcrumb"},"inLanguage":"fr-FR","potentialAction":[{"@type":"ReadAction","target":["https:\/\/www.cirprotec.com\/fr\/safeground\/safeground-technologie\/"]}]},{"@type":"ImageObject","inLanguage":"fr-FR","@id":"https:\/\/www.cirprotec.com\/fr\/safeground\/safeground-technologie\/#primaryimage","url":"https:\/\/www.cirprotec.com\/wp-content\/uploads\/2024\/07\/Portades-SEO_MS-SAFEGROUND.png","contentUrl":"https:\/\/www.cirprotec.com\/wp-content\/uploads\/2024\/07\/Portades-SEO_MS-SAFEGROUND.png","width":3334,"height":1667},{"@type":"BreadcrumbList","@id":"https:\/\/www.cirprotec.com\/fr\/safeground\/safeground-technologie\/#breadcrumb","itemListElement":[{"@type":"ListItem","position":1,"name":"SAFEGROUND","item":"https:\/\/www.cirprotec.com\/fr\/safeground-2\/"},{"@type":"ListItem","position":2,"name":"SAFEGROUND &#8211; Technologie"}]},{"@type":"WebSite","@id":"https:\/\/www.cirprotec.com\/fr\/#website","url":"https:\/\/www.cirprotec.com\/fr\/","name":"Cirprotec","description":"","publisher":{"@id":"https:\/\/www.cirprotec.com\/fr\/#organization"},"potentialAction":[{"@type":"SearchAction","target":{"@type":"EntryPoint","urlTemplate":"https:\/\/www.cirprotec.com\/fr\/?s={search_term_string}"},"query-input":{"@type":"PropertyValueSpecification","valueRequired":true,"valueName":"search_term_string"}}],"inLanguage":"fr-FR"},{"@type":"Organization","@id":"https:\/\/www.cirprotec.com\/fr\/#organization","name":"Cirprotec","url":"https:\/\/www.cirprotec.com\/fr\/","logo":{"@type":"ImageObject","inLanguage":"fr-FR","@id":"https:\/\/www.cirprotec.com\/fr\/#\/schema\/logo\/image\/","url":"https:\/\/www.cirprotec.com\/wp-content\/uploads\/2025\/12\/Logo-Cirprotec-by-Mersen.svg","contentUrl":"https:\/\/www.cirprotec.com\/wp-content\/uploads\/2025\/12\/Logo-Cirprotec-by-Mersen.svg","width":284.53,"height":104.61,"caption":"Cirprotec"},"image":{"@id":"https:\/\/www.cirprotec.com\/fr\/#\/schema\/logo\/image\/"}}]}},"_links":{"self":[{"href":"https:\/\/www.cirprotec.com\/fr\/wp-json\/wp\/v2\/pages\/10497","targetHints":{"allow":["GET"]}}],"collection":[{"href":"https:\/\/www.cirprotec.com\/fr\/wp-json\/wp\/v2\/pages"}],"about":[{"href":"https:\/\/www.cirprotec.com\/fr\/wp-json\/wp\/v2\/types\/page"}],"author":[{"embeddable":true,"href":"https:\/\/www.cirprotec.com\/fr\/wp-json\/wp\/v2\/users\/7"}],"replies":[{"embeddable":true,"href":"https:\/\/www.cirprotec.com\/fr\/wp-json\/wp\/v2\/comments?post=10497"}],"version-history":[{"count":10,"href":"https:\/\/www.cirprotec.com\/fr\/wp-json\/wp\/v2\/pages\/10497\/revisions"}],"predecessor-version":[{"id":25545,"href":"https:\/\/www.cirprotec.com\/fr\/wp-json\/wp\/v2\/pages\/10497\/revisions\/25545"}],"up":[{"embeddable":true,"href":"https:\/\/www.cirprotec.com\/fr\/wp-json\/wp\/v2\/pages\/10503"}],"wp:featuredmedia":[{"embeddable":true,"href":"https:\/\/www.cirprotec.com\/fr\/wp-json\/wp\/v2\/media\/10155"}],"wp:attachment":[{"href":"https:\/\/www.cirprotec.com\/fr\/wp-json\/wp\/v2\/media?parent=10497"}],"curies":[{"name":"wp","href":"https:\/\/api.w.org\/{rel}","templated":true}]}}