{"id":7616,"date":"2023-09-19T11:52:56","date_gmt":"2023-09-19T11:52:56","guid":{"rendered":"https:\/\/www.cirprotec.com\/website-terms-and-conditions\/"},"modified":"2025-04-24T14:46:29","modified_gmt":"2025-04-24T14:46:29","slug":"website-terms-and-conditions","status":"publish","type":"page","link":"https:\/\/www.cirprotec.com\/en\/website-terms-and-conditions\/","title":{"rendered":"Legal notice"},"content":{"rendered":"\t\t<div data-elementor-type=\"wp-page\" data-elementor-id=\"7616\" class=\"elementor elementor-7616 elementor-2114\" data-elementor-post-type=\"page\">\n\t\t\t\t<div class=\"elementor-element elementor-element-e37eece e-flex e-con-boxed e-con e-parent\" data-id=\"e37eece\" data-element_type=\"container\" data-e-type=\"container\" data-settings=\"{&quot;jet_parallax_layout_list&quot;:[]}\">\n\t\t\t\t\t<div class=\"e-con-inner\">\n\t\t\t\t<div class=\"elementor-element elementor-element-f20337e elementor-widget-tablet__width-inherit elementor-widget elementor-widget-heading\" data-id=\"f20337e\" data-element_type=\"widget\" data-e-type=\"widget\" data-widget_type=\"heading.default\">\n\t\t\t\t<div class=\"elementor-widget-container\">\n\t\t\t\t\t<h1 class=\"elementor-heading-title elementor-size-default\">Legal notice<\/h1>\t\t\t\t<\/div>\n\t\t\t\t<\/div>\n\t\t<div class=\"elementor-element elementor-element-9de0a71 e-con-full e-flex e-con e-child\" data-id=\"9de0a71\" data-element_type=\"container\" data-e-type=\"container\" data-settings=\"{&quot;jet_parallax_layout_list&quot;:[]}\">\n\t\t\t\t<div class=\"elementor-element elementor-element-b8590c7 elementor-widget elementor-widget-text-editor\" data-id=\"b8590c7\" data-element_type=\"widget\" data-e-type=\"widget\" data-widget_type=\"text-editor.default\">\n\t\t\t\t<div class=\"elementor-widget-container\">\n\t\t\t\t\t\t\t\t\t<p>We inform you that the content of this website www.www.cirprotec.com (hereinafter, the &#8220;Web&#8221;) belongs to CIRPROTEC, S.L.U. with registered office at C\/ LEPANTO, 49. 08223 TERRASSA Spain and registered number B-60451499. El presente aviso legal regula las condiciones de uso del citado portal de Internet.<br \/><br \/><\/p><h2><span style=\"color: #333333;\">Legal Information<\/span><\/h2><p>Con car\u00e1cter general las relaciones entre CIRPROTEC, S.L.U. y los usuarios de sus servicios telem\u00e1ticos, presentes en la web, se encuentran sometidas a la legislaci\u00f3n y jurisdicci\u00f3n espa\u00f1olas.<\/p><p>Las partes renuncian expresamente al fuero que les pudiera corresponder y someten expresamente a los Juzgados y Tribunales de Martorelles para resolver cualquier controversia que pueda surgir en la interpretaci\u00f3n o ejecuci\u00f3n de las presentes condiciones contractuales.<\/p><h2><span style=\"color: #000000;\"><br \/><span style=\"color: #333333;\">User Acceptance<\/span><\/span><\/h2><p>This Legal Notice regulates access to and use of the website that CIRPROTEC, S.L.U. makes available to Internet users. Se considera usuario la persona que acceda, navegue, utilice o participe en los servicios y actividades de la p\u00e1gina web.<\/p><p>The user is informed and accepts that access to this website does not imply, in any way, the beginning of a commercial relationship with CIRPROTEC, S.L.U.<\/p><p>Therefore, access to it implies the acquisition of the condition of user and the acceptance of the conditions of use of the website. In the event of disagreement with the conditions, the user should abstain from using the website.<\/p><h2><span style=\"color: #000000;\"><br \/><span style=\"color: #333333;\">Acceso a la web<\/span><\/span><\/h2><p>El acceso a la p\u00e1gina web por parte de los usuarios es de car\u00e1cter libre y gratuito. Algunos servicios pueden encontrarse sujetos a contrataci\u00f3n previa del servicio.<\/p><p>En caso de ser necesario que el usuario aporte datos personales para acceder a alguno de los servicios, la recogida y el tratamiento de los datos se realizar\u00e1 de conformidad con la normativa vigente, en concreto con el RGPD. Para m\u00e1s informaci\u00f3n, consulte nuestra pol\u00edtica de privacidad.<\/p><h2><span style=\"color: #000000;\"><br \/>Content and Use<\/span><\/h2><p>The user&#8217;s visit to the website should be made in a responsible manner and in accordance with current legislation, good faith, this Legal Notice and respecting the intellectual and industrial property rights owned by CIRPROTEC, S.L.U.<\/p><p>The use of any of the contents of the website for purposes that are or could be illicit is totally prohibited, as well as causing any damage or alterations of any type not consented by CIRPROTEC, S.L.U. to the website or its contents.<\/p><p>The owner of the website does not identify himself with the opinions expressed therein by his collaborators. The company reserves the right to modify, discontinue or terminate the Site, Web Services, Data and Third Party Data or to modify this Agreement, any time and without prior notice.<br \/><br \/><\/p><h2><span style=\"color: #333333;\">Intellectual and industrial property policy<\/span><\/h2><p>CIRPROTEC, S.L.U. is the exclusive owner of the intellectual property rights relating to its website and social networks. All site, product and services content as text, graphic designs, user interfaces, trademarks or computer codes that are part of www.www.cirprotec.com are exclusive property of CIRPROTEC, S.L.U. Their reproduction, distribution, public communication, transformation or any other activity carried out with the contents is prohibited, not even if the sources are mentioned, except with the prior, express and written consent of CIRPROTEC, S.L.U.<\/p><p>CIRPROTEC, S.L.U. does not grant any kind of authorisation to use its intellectual and industrial property rights or any other property or right related to the website, and in no case shall it be understood that access and browsing by users implies a waiver, transmission, licence or total or partial cession of said rights on the part of CIRPROTEC, S.L.U.<\/p><p>Any use of these contents not previously authorised by Mecatres Vall\u00e8s, S.L. will be considered a serious breach of the intellectual or industrial property rights and will give rise to the legally established responsibilities. CIRPROTEC, S.L.U. reserves the right to exercise the corresponding judicial and extrajudicial actions against the user.<br \/><br \/><\/p><h2><span style=\"color: #333333;\">Warranties &amp; limitation of liability<\/span><\/h2><p>CIRPROTEC, S.L.U. declares that it has adopted the necessary measures which, within its possibilities and the state of the technology, allow the correct functioning of the website as well as the absence of viruses and harmful components. However, CIRPROTEC, S.L.U. cannot be held responsible for the following situations listed by way of illustration, but not limitation:<\/p><ul><li>The continuity and availability of the contents.<\/li><li>The absence of errors in such content or the correction of any defect that may occur.<\/li><li>The absence of viruses and\/or other harmful components.<\/li><li>Damages caused by any person who violates CIRPROTEC, S.L.U. security systems.<\/li><li>The use that the users can make of the contents included in the web. Consequently, CIRPROTEC, S.L.U. does not guarantee that the use that users may make of the contents included in the website, if any, comply with this legal notice, nor that the use of the website is carried out in a diligent manner.<\/li><li>The use by minors of the website or the sending of their personal data without the permission of their tutors, the tutors being responsible for the use they make of the Internet.<\/li><li>The contents to which the user can access through unauthorized links or introduced by users through comments or similar tools.<\/li><li>The introduction of erroneous data by the user or a third party.<\/li><\/ul><p>CIRPROTEC, S.L.U. may temporarily suspend, without prior notice, accessibility to the website for the purposes of maintenance, repair, updating or improvement operations. However, whenever circumstances permit, CIRPROTEC, S.L.U. shall inform the user, sufficiently in advance, of the date foreseen for the suspension of the contents.<\/p><p>CIRPROTEC, S.L.U. undertakes to eliminate or, where appropriate, block the contents that could affect or be contrary to current legislation, the rights of third parties or public order and morality.<\/p><h2><span style=\"color: #000000;\"><br \/><span style=\"color: #333333;\">Cookies<\/span><\/span><\/h2><p>CIRPROTEC, S.L.U. utiliza cookies, a los efectos de optimizar y personalizar su navegaci\u00f3n por el sitio web. Las cookies son ficheros f\u00edsicos de informaci\u00f3n que se alojan en el propio terminal del usuario, la informaci\u00f3n recogida mediante las cookies sirve para facilitar la navegaci\u00f3n del usuario por el portal y optimizar la experiencia de navegaci\u00f3n. Los datos recopilados mediante las cookies pueden ser compartidos con los creadores de las mismas, pero en ning\u00fan caso la informaci\u00f3n obtenida por las mismas ser\u00e1 asociada a datos personales ni a datos que puedan identificar al usuario.<\/p><p>Sin embargo, si el usuario no desea que se instalen cookies en su disco duro, tiene la posibilidad de configurar el navegador de tal modo que impida la instalaci\u00f3n de estos archivos. Para obtener m\u00e1s informaci\u00f3n consulte nuestra Pol\u00edtica de Cookies<\/p><h2><span style=\"color: #000000;\"><br \/><span style=\"color: #333333;\">Links policy<\/span><\/span><\/h2><p>La presencia de enlaces (links) en la p\u00e1gina web de CIRPROTEC, S.L.U. hacia otros sitios de Internet tiene finalidad meramente informativa y en ning\u00fan caso suponen sugerencia, invitaci\u00f3n o recomendaci\u00f3n sobre los mismos. CIRPROTEC, S.L.U. no asumir\u00e1 responsabilidad por los contenidos de un enlace perteneciente a un sitio web ajeno, ni garantizar\u00e1 la fiabilidad, exactitud, amplitud, veracidad, validez y disponibilidad t\u00e9cnica.<\/p><p>En el caso de que en otros sitios web se establezcan enlaces a la p\u00e1gina web de CIRPROTEC, S.L.U. no se entender\u00e1 que CIRPROTEC, S.L.U. ha autorizado el enlace o el contenido del sitio web en el que se contiene el enlace, tampoco podr\u00e1 incluirse en la p\u00e1gina del enlace contenidos inapropiados, difamatorios, ilegales, obscenos o il\u00edcitos, ni otros contenidos que sean contrarios a la legalidad vigente.<\/p><p>CIRPROTEC, S.L.U. se reserva la posibilidad de contactar con el propietario del sitio web en el que se establezca el enlace si considera que se incumple la normativa, as\u00ed como de ejercitar las correspondientes acciones judiciales y extrajudiciales.<\/p><h2><span style=\"color: #000000;\"><br \/><span style=\"color: #333333;\">Reservation of the right to modify this legal notice<\/span><\/span><\/h2><p>CIRPROTEC, S.L.U. reserves the right to modify this legal notice in order to adapt it to any change of the regulations, for technical reasons, for changes in the services offered by CIRPROTEC, S.L.U. or for strategic decisions of the company. In these cases, CIRPROTEC, S.L.U. will notify you about the changes to the terms and conditions through the Website. If the user is not satisfied with the changes, he or she must stop using the website. The use of the website after the changes have been made will imply acceptance of the changes by the Users.<\/p>\t\t\t\t\t\t\t\t<\/div>\n\t\t\t\t<\/div>\n\t\t\t\t<\/div>\n\t\t\t\t\t<\/div>\n\t\t\t\t<\/div>\n\t\t\t\t<\/div>\n\t\t","protected":false},"excerpt":{"rendered":"<p>Legal notice We inform you that the content of this website www.www.cirprotec.com (hereinafter, the &#8220;Web&#8221;) belongs to CIRPROTEC, S.L.U. with registered office at C\/ LEPANTO, 49. 08223 TERRASSA Spain and registered number B-60451499. El presente aviso legal regula las condiciones de uso del citado portal de Internet. Legal Information Con car\u00e1cter general las relaciones entre [&hellip;]<\/p>\n","protected":false},"author":2,"featured_media":0,"parent":0,"menu_order":100,"comment_status":"closed","ping_status":"closed","template":"elementor_header_footer","meta":{"_acf_changed":false,"content-type":"","_searchwp_excluded":"","footnotes":""},"class_list":["post-7616","page","type-page","status-publish","hentry"],"acf":[],"yoast_head":"<!-- This site is optimized with the Yoast SEO plugin v27.4 - https:\/\/yoast.com\/product\/yoast-seo-wordpress\/ -->\n<title>Legal notice - Cirprotec<\/title>\n<meta name=\"robots\" content=\"noindex, follow\" \/>\n<meta property=\"og:locale\" content=\"en_US\" \/>\n<meta property=\"og:type\" content=\"article\" \/>\n<meta property=\"og:title\" content=\"Legal notice - Cirprotec\" \/>\n<meta property=\"og:description\" content=\"Legal notice We inform you that the content of this website www.www.cirprotec.com (hereinafter, the &#8220;Web&#8221;) belongs to CIRPROTEC, S.L.U. with registered office at C\/ LEPANTO, 49. 08223 TERRASSA Spain and registered number B-60451499. El presente aviso legal regula las condiciones de uso del citado portal de Internet. Legal Information Con car\u00e1cter general las relaciones entre [&hellip;]\" \/>\n<meta property=\"og:url\" content=\"https:\/\/www.cirprotec.com\/en\/website-terms-and-conditions\/\" \/>\n<meta property=\"og:site_name\" content=\"Cirprotec\" \/>\n<meta property=\"article:modified_time\" content=\"2025-04-24T14:46:29+00:00\" \/>\n<meta name=\"twitter:card\" content=\"summary_large_image\" \/>\n<meta name=\"twitter:label1\" content=\"Est. reading time\" \/>\n\t<meta name=\"twitter:data1\" content=\"6 minutes\" \/>\n<script type=\"application\/ld+json\" class=\"yoast-schema-graph\">{\"@context\":\"https:\\\/\\\/schema.org\",\"@graph\":[{\"@type\":\"WebPage\",\"@id\":\"https:\\\/\\\/www.cirprotec.com\\\/en\\\/website-terms-and-conditions\\\/\",\"url\":\"https:\\\/\\\/www.cirprotec.com\\\/en\\\/website-terms-and-conditions\\\/\",\"name\":\"Legal notice - Cirprotec\",\"isPartOf\":{\"@id\":\"https:\\\/\\\/www.cirprotec.com\\\/en\\\/#website\"},\"datePublished\":\"2023-09-19T11:52:56+00:00\",\"dateModified\":\"2025-04-24T14:46:29+00:00\",\"inLanguage\":\"en-US\",\"potentialAction\":[{\"@type\":\"ReadAction\",\"target\":[\"https:\\\/\\\/www.cirprotec.com\\\/en\\\/website-terms-and-conditions\\\/\"]}]},{\"@type\":\"WebSite\",\"@id\":\"https:\\\/\\\/www.cirprotec.com\\\/en\\\/#website\",\"url\":\"https:\\\/\\\/www.cirprotec.com\\\/en\\\/\",\"name\":\"Cirprotec\",\"description\":\"\",\"publisher\":{\"@id\":\"https:\\\/\\\/www.cirprotec.com\\\/en\\\/#organization\"},\"potentialAction\":[{\"@type\":\"SearchAction\",\"target\":{\"@type\":\"EntryPoint\",\"urlTemplate\":\"https:\\\/\\\/www.cirprotec.com\\\/en\\\/?s={search_term_string}\"},\"query-input\":{\"@type\":\"PropertyValueSpecification\",\"valueRequired\":true,\"valueName\":\"search_term_string\"}}],\"inLanguage\":\"en-US\"},{\"@type\":\"Organization\",\"@id\":\"https:\\\/\\\/www.cirprotec.com\\\/en\\\/#organization\",\"name\":\"Cirprotec\",\"url\":\"https:\\\/\\\/www.cirprotec.com\\\/en\\\/\",\"logo\":{\"@type\":\"ImageObject\",\"inLanguage\":\"en-US\",\"@id\":\"https:\\\/\\\/www.cirprotec.com\\\/en\\\/#\\\/schema\\\/logo\\\/image\\\/\",\"url\":\"https:\\\/\\\/www.cirprotec.com\\\/wp-content\\\/uploads\\\/2025\\\/12\\\/Logo-Cirprotec-by-Mersen.svg\",\"contentUrl\":\"https:\\\/\\\/www.cirprotec.com\\\/wp-content\\\/uploads\\\/2025\\\/12\\\/Logo-Cirprotec-by-Mersen.svg\",\"width\":284.53,\"height\":104.61,\"caption\":\"Cirprotec\"},\"image\":{\"@id\":\"https:\\\/\\\/www.cirprotec.com\\\/en\\\/#\\\/schema\\\/logo\\\/image\\\/\"}}]}<\/script>\n<!-- \/ Yoast SEO plugin. -->","yoast_head_json":{"title":"Legal notice - Cirprotec","robots":{"index":"noindex","follow":"follow"},"og_locale":"en_US","og_type":"article","og_title":"Legal notice - Cirprotec","og_description":"Legal notice We inform you that the content of this website www.www.cirprotec.com (hereinafter, the &#8220;Web&#8221;) belongs to CIRPROTEC, S.L.U. with registered office at C\/ LEPANTO, 49. 08223 TERRASSA Spain and registered number B-60451499. El presente aviso legal regula las condiciones de uso del citado portal de Internet. Legal Information Con car\u00e1cter general las relaciones entre [&hellip;]","og_url":"https:\/\/www.cirprotec.com\/en\/website-terms-and-conditions\/","og_site_name":"Cirprotec","article_modified_time":"2025-04-24T14:46:29+00:00","twitter_card":"summary_large_image","twitter_misc":{"Est. reading time":"6 minutes"},"schema":{"@context":"https:\/\/schema.org","@graph":[{"@type":"WebPage","@id":"https:\/\/www.cirprotec.com\/en\/website-terms-and-conditions\/","url":"https:\/\/www.cirprotec.com\/en\/website-terms-and-conditions\/","name":"Legal notice - Cirprotec","isPartOf":{"@id":"https:\/\/www.cirprotec.com\/en\/#website"},"datePublished":"2023-09-19T11:52:56+00:00","dateModified":"2025-04-24T14:46:29+00:00","inLanguage":"en-US","potentialAction":[{"@type":"ReadAction","target":["https:\/\/www.cirprotec.com\/en\/website-terms-and-conditions\/"]}]},{"@type":"WebSite","@id":"https:\/\/www.cirprotec.com\/en\/#website","url":"https:\/\/www.cirprotec.com\/en\/","name":"Cirprotec","description":"","publisher":{"@id":"https:\/\/www.cirprotec.com\/en\/#organization"},"potentialAction":[{"@type":"SearchAction","target":{"@type":"EntryPoint","urlTemplate":"https:\/\/www.cirprotec.com\/en\/?s={search_term_string}"},"query-input":{"@type":"PropertyValueSpecification","valueRequired":true,"valueName":"search_term_string"}}],"inLanguage":"en-US"},{"@type":"Organization","@id":"https:\/\/www.cirprotec.com\/en\/#organization","name":"Cirprotec","url":"https:\/\/www.cirprotec.com\/en\/","logo":{"@type":"ImageObject","inLanguage":"en-US","@id":"https:\/\/www.cirprotec.com\/en\/#\/schema\/logo\/image\/","url":"https:\/\/www.cirprotec.com\/wp-content\/uploads\/2025\/12\/Logo-Cirprotec-by-Mersen.svg","contentUrl":"https:\/\/www.cirprotec.com\/wp-content\/uploads\/2025\/12\/Logo-Cirprotec-by-Mersen.svg","width":284.53,"height":104.61,"caption":"Cirprotec"},"image":{"@id":"https:\/\/www.cirprotec.com\/en\/#\/schema\/logo\/image\/"}}]}},"_links":{"self":[{"href":"https:\/\/www.cirprotec.com\/en\/wp-json\/wp\/v2\/pages\/7616","targetHints":{"allow":["GET"]}}],"collection":[{"href":"https:\/\/www.cirprotec.com\/en\/wp-json\/wp\/v2\/pages"}],"about":[{"href":"https:\/\/www.cirprotec.com\/en\/wp-json\/wp\/v2\/types\/page"}],"author":[{"embeddable":true,"href":"https:\/\/www.cirprotec.com\/en\/wp-json\/wp\/v2\/users\/2"}],"replies":[{"embeddable":true,"href":"https:\/\/www.cirprotec.com\/en\/wp-json\/wp\/v2\/comments?post=7616"}],"version-history":[{"count":0,"href":"https:\/\/www.cirprotec.com\/en\/wp-json\/wp\/v2\/pages\/7616\/revisions"}],"wp:attachment":[{"href":"https:\/\/www.cirprotec.com\/en\/wp-json\/wp\/v2\/media?parent=7616"}],"curies":[{"name":"wp","href":"https:\/\/api.w.org\/{rel}","templated":true}]}}